{"id":12435,"date":"2023-12-08T07:41:31","date_gmt":"2023-12-08T06:41:31","guid":{"rendered":"https:\/\/incoperfil.com\/societe\/"},"modified":"2026-03-05T15:54:52","modified_gmt":"2026-03-05T14:54:52","slug":"societe","status":"publish","type":"page","link":"https:\/\/incoperfil.com\/fr\/societe\/","title":{"rendered":"Soci\u00e9t\u00e9"},"content":{"rendered":"\t\t<div data-elementor-type=\"wp-page\" data-elementor-id=\"12435\" class=\"elementor elementor-12435 elementor-1771\" data-elementor-post-type=\"page\">\n\t\t\t\t<div class=\"elementor-element elementor-element-c09a462 e-con-full bloq-001 e-flex e-con e-parent\" data-id=\"c09a462\" data-element_type=\"container\" data-e-type=\"container\">\n\t\t<div class=\"elementor-element elementor-element-640739e3 e-con-full e-flex e-con e-child\" data-id=\"640739e3\" data-element_type=\"container\" data-e-type=\"container\">\n\t\t\t\t<div class=\"elementor-element elementor-element-1c9bd362 elementor--h-position-left elementor--v-position-bottom elementor-arrows-position-inside elementor-pagination-position-inside elementor-widget elementor-widget-slides\" data-id=\"1c9bd362\" data-element_type=\"widget\" data-e-type=\"widget\" data-settings=\"{&quot;navigation&quot;:&quot;both&quot;,&quot;autoplay&quot;:&quot;yes&quot;,&quot;pause_on_hover&quot;:&quot;yes&quot;,&quot;pause_on_interaction&quot;:&quot;yes&quot;,&quot;autoplay_speed&quot;:5000,&quot;infinite&quot;:&quot;yes&quot;,&quot;transition&quot;:&quot;slide&quot;,&quot;transition_speed&quot;:500}\" data-widget_type=\"slides.default\">\n\t\t\t\t\t\t\t\t\t\t<div class=\"elementor-slides-wrapper elementor-main-swiper swiper\" role=\"region\" aria-roledescription=\"carousel\" aria-label=\"Diapositivas\" dir=\"ltr\" data-animation=\"fadeInUp\">\n\t\t\t\t<div class=\"swiper-wrapper elementor-slides\">\n\t\t\t\t\t\t\t\t\t\t<div class=\"elementor-repeater-item-c4b2b32 swiper-slide\" role=\"group\" aria-roledescription=\"slide\"><div class=\"swiper-slide-bg\" role=\"img\" aria-label=\"Fachada industrial multicapa SCANIA Huelva - INCO 70.4 Fachada\"><\/div><div class=\"swiper-slide-inner\" ><div class=\"swiper-slide-contents\"><h5 class=\"elementor-slide-heading\">NOUS MAT\u00c9RIALISONS VOS PROJETS<\/h5><h2 class=\"elementor-slide-description\"><p>Qualit\u00e9 et excellence <br \/>dans chaque nouveau projet<\/p>\n<\/h2><\/div><\/div><\/div>\t\t\t\t<\/div>\n\t\t\t\t\t\t\t<\/div>\n\t\t\t\t\t\t\t\t<\/div>\n\t\t\t\t<div class=\"elementor-element elementor-element-28ee0be elementor-widget__width-inherit elementor-absolute elementor-widget elementor-widget-global elementor-global-9482 elementor-widget-heading\" data-id=\"28ee0be\" data-element_type=\"widget\" data-e-type=\"widget\" data-settings=\"{&quot;_position&quot;:&quot;absolute&quot;}\" data-widget_type=\"heading.default\">\n\t\t\t\t\t<h1 class=\"elementor-heading-title elementor-size-default\">Soci\u00e9t\u00e9<\/h1>\t\t\t\t<\/div>\n\t\t\t\t<div class=\"elementor-element elementor-element-541311a elementor-widget__width-inherit elementor-absolute elementor-widget elementor-widget-global elementor-global-9422 elementor-widget-dce-breadcrumbs\" data-id=\"541311a\" data-element_type=\"widget\" data-e-type=\"widget\" data-settings=\"{&quot;_position&quot;:&quot;absolute&quot;}\" data-widget_type=\"dce-breadcrumbs.default\">\n\t\t\t\t<div class=\"elementor-widget-container\">\n\t\t\t\t\t<div><span><span><a href=\"https:\/\/incoperfil.com\/fr\/home\/\">Home<\/a><\/span><\/span><\/div>\t\t\t\t<\/div>\n\t\t\t\t<\/div>\n\t\t\t\t<\/div>\n\t\t\t\t<\/div>\n\t\t<div class=\"elementor-element elementor-element-43267d6a e-con-full bloq-002 e-flex e-con e-parent\" data-id=\"43267d6a\" data-element_type=\"container\" data-e-type=\"container\" data-settings=\"{&quot;background_background&quot;:&quot;classic&quot;}\">\n\t\t<div class=\"elementor-element elementor-element-6a65bcb2 e-con-full e-flex e-con e-child\" data-id=\"6a65bcb2\" data-element_type=\"container\" data-e-type=\"container\">\n\t\t\t\t<div class=\"elementor-element elementor-element-70c151fd dce_masking-none elementor-widget elementor-widget-image\" data-id=\"70c151fd\" data-element_type=\"widget\" data-e-type=\"widget\" data-widget_type=\"image.default\">\n\t\t\t\t\t\t\t\t\t\t\t\t\t\t\t<img fetchpriority=\"high\" decoding=\"async\" width=\"1500\" height=\"1001\" src=\"https:\/\/incoperfil.com\/wp-content\/uploads\/2025\/03\/incoperfil-fabrica-213_rev01-2.jpg\" class=\"attachment-full size-full wp-image-19008\" alt=\"reportaje fotografico incoperfil showroom\" srcset=\"https:\/\/incoperfil.com\/wp-content\/uploads\/2025\/03\/incoperfil-fabrica-213_rev01-2.jpg 1500w, https:\/\/incoperfil.com\/wp-content\/uploads\/2025\/03\/incoperfil-fabrica-213_rev01-2-300x200.jpg 300w, https:\/\/incoperfil.com\/wp-content\/smush-webp\/2025\/03\/incoperfil-fabrica-213_rev01-2-1024x683.jpg.webp 1024w, https:\/\/incoperfil.com\/wp-content\/smush-webp\/2025\/03\/incoperfil-fabrica-213_rev01-2-768x513.jpg.webp 768w\" sizes=\"(max-width: 1500px) 100vw, 1500px\" data-smush-webp-fallback=\"{&quot;srcset&quot;:&quot;https:\\\/\\\/incoperfil.com\\\/wp-content\\\/uploads\\\/2025\\\/03\\\/incoperfil-fabrica-213_rev01-2.jpg 1500w, https:\\\/\\\/incoperfil.com\\\/wp-content\\\/uploads\\\/2025\\\/03\\\/incoperfil-fabrica-213_rev01-2-300x200.jpg 300w, https:\\\/\\\/incoperfil.com\\\/wp-content\\\/uploads\\\/2025\\\/03\\\/incoperfil-fabrica-213_rev01-2-1024x683.jpg 1024w, https:\\\/\\\/incoperfil.com\\\/wp-content\\\/uploads\\\/2025\\\/03\\\/incoperfil-fabrica-213_rev01-2-768x513.jpg 768w&quot;}\" \/>\t\t\t\t\t\t\t\t\t\t\t\t\t\t\t<\/div>\n\t\t\t\t<\/div>\n\t\t<div class=\"elementor-element elementor-element-4a296bf0 e-con-full e-flex e-con e-child\" data-id=\"4a296bf0\" data-element_type=\"container\" data-e-type=\"container\">\n\t\t\t\t<div class=\"elementor-element elementor-element-463ef16e elementor-widget elementor-widget-heading\" data-id=\"463ef16e\" data-element_type=\"widget\" data-e-type=\"widget\" data-widget_type=\"heading.default\">\n\t\t\t\t\t<h5 class=\"elementor-heading-title elementor-size-default\">NOTRE ENTREPRISE<\/h5>\t\t\t\t<\/div>\n\t\t\t\t<div class=\"elementor-element elementor-element-64838a74 elementor-widget elementor-widget-heading\" data-id=\"64838a74\" data-element_type=\"widget\" data-e-type=\"widget\" data-widget_type=\"heading.default\">\n\t\t\t\t\t<h2 class=\"elementor-heading-title elementor-size-default\">Leader dans la fabrication de profil\u00e9s pour cloisons industriels\n\n\n\n\n\n<\/h2>\t\t\t\t<\/div>\n\t\t\t\t<div class=\"elementor-element elementor-element-6cd2b180 elementor-widget elementor-widget-text-editor\" data-id=\"6cd2b180\" data-element_type=\"widget\" data-e-type=\"widget\" data-widget_type=\"text-editor.default\">\n\t\t\t\t\t\t\t\t\t<p>L\u2019innovation continue est notre principale strat\u00e9gie. Les produits que nous proposons sont le r\u00e9sultat de plus de 40 ans de collaboration directe avec l\u2019ensemble des acteurs du projet, dans la recherche des solutions constructives les plus efficaces. <\/p><p>Nous mettons toutes nos connaissances, nos outils et notre exp\u00e9rience \u00e0 la disposition de votre projet afin que vous puissiez le mat\u00e9rialiser selon vos attentes. <\/p>\t\t\t\t\t\t\t\t<\/div>\n\t\t\t\t<\/div>\n\t\t\t\t<\/div>\n\t\t<div class=\"elementor-element elementor-element-b94a166 e-con-full bloq-003 e-flex e-con e-parent\" data-id=\"b94a166\" data-element_type=\"container\" data-e-type=\"container\" data-settings=\"{&quot;background_background&quot;:&quot;classic&quot;}\">\n\t\t<div class=\"elementor-element elementor-element-542bf27 e-con-full e-flex e-con e-child\" data-id=\"542bf27\" data-element_type=\"container\" data-e-type=\"container\">\n\t\t\t\t<div class=\"elementor-element elementor-element-235ad90 elementor-widget elementor-widget-heading\" data-id=\"235ad90\" data-element_type=\"widget\" data-e-type=\"widget\" data-widget_type=\"heading.default\">\n\t\t\t\t\t<h2 class=\"elementor-heading-title elementor-size-default\">Qui sommes-nous<\/h2>\t\t\t\t<\/div>\n\t\t\t\t<div class=\"elementor-element elementor-element-06e5dfe elementor-widget elementor-widget-text-editor\" data-id=\"06e5dfe\" data-element_type=\"widget\" data-e-type=\"widget\" data-widget_type=\"text-editor.default\">\n\t\t\t\t\t\t\t\t\t<p>Incoperfil, fond\u00e9e en 1985, s&rsquo;impose comme leader dans la fabrication de bac acier m\u00e9talliques pour cloisons industriels. Son activit\u00e9 a d\u00e9but\u00e9 dans la fabrication et l&rsquo;installation de bacs acier de faible hauteur pour toitures et bardages. Au fil du temps, elle a \u00e9largi sa gamme de produits pour proposer plus de 40 produits de cloisons appliqu\u00e9s \u00e0 six syst\u00e8mes de cloisons diff\u00e9rents.<\/p>\t\t\t\t\t\t\t\t<\/div>\n\t\t\t\t<div class=\"elementor-element elementor-element-67f7763 elementor-widget__width-auto btn-substract-corner-beige elementor-widget elementor-widget-button\" data-id=\"67f7763\" data-element_type=\"widget\" data-e-type=\"widget\" data-widget_type=\"button.default\">\n\t\t\t\t\t\t\t\t\t\t<a class=\"elementor-button elementor-button-link elementor-size-sm\" href=\"https:\/\/incoperfil.com\/fr\/histoire\/\">\n\t\t\t\t\t\t<span class=\"elementor-button-content-wrapper\">\n\t\t\t\t\t\t\t\t\t<span class=\"elementor-button-text\">voir plus<\/span>\n\t\t\t\t\t<\/span>\n\t\t\t\t\t<\/a>\n\t\t\t\t\t\t\t\t<\/div>\n\t\t\t\t<\/div>\n\t\t<div data-dce-background-image-url=\"https:\/\/incoperfil.com\/wp-content\/uploads\/2023\/12\/incoperfil-fabrica-160-Large.jpg\" class=\"elementor-element elementor-element-d6c384c e-con-full e-flex e-con e-child\" data-id=\"d6c384c\" data-element_type=\"container\" data-e-type=\"container\" data-settings=\"{&quot;background_background&quot;:&quot;classic&quot;}\">\n\t\t\t\t<\/div>\n\t\t\t\t<\/div>\n\t\t<div class=\"elementor-element elementor-element-3cb164fc e-con-full bloq-003 e-flex e-con e-parent\" data-id=\"3cb164fc\" data-element_type=\"container\" data-e-type=\"container\" data-settings=\"{&quot;background_background&quot;:&quot;classic&quot;}\">\n\t\t<div data-dce-background-image-url=\"https:\/\/incoperfil.com\/wp-content\/uploads\/2024\/07\/incoperfil-fabrica-152_rev01.jpg\" class=\"elementor-element elementor-element-39e986a e-con-full e-flex e-con e-child\" data-id=\"39e986a\" data-element_type=\"container\" data-e-type=\"container\" data-settings=\"{&quot;background_background&quot;:&quot;classic&quot;}\">\n\t\t\t\t<\/div>\n\t\t<div class=\"elementor-element elementor-element-38fee1f2 e-con-full e-flex e-con e-child\" data-id=\"38fee1f2\" data-element_type=\"container\" data-e-type=\"container\">\n\t\t\t\t<div class=\"elementor-element elementor-element-7fe9f7fa elementor-widget elementor-widget-heading\" data-id=\"7fe9f7fa\" data-element_type=\"widget\" data-e-type=\"widget\" data-widget_type=\"heading.default\">\n\t\t\t\t\t<h2 class=\"elementor-heading-title elementor-size-default\">Qualit\u00e9<\/h2>\t\t\t\t<\/div>\n\t\t\t\t<div class=\"elementor-element elementor-element-2315cf80 elementor-widget elementor-widget-text-editor\" data-id=\"2315cf80\" data-element_type=\"widget\" data-e-type=\"widget\" data-widget_type=\"text-editor.default\">\n\t\t\t\t\t\t\t\t\t<p>Chez Incoperfil, la qualit\u00e9 est notre priorit\u00e9 et l&rsquo;\u00e9l\u00e9ment qui soutient la confiance de nos clients. Nos produits subissent des contr\u00f4les rigoureux, tant au niveau des mat\u00e9riaux que de la fabrication, garantissant la livraison d&rsquo;un produit r\u00e9pondant aux attentes du client. Nous sommes certifi\u00e9s ISO 9001 et exigeons les m\u00eames normes de la part de nos fournisseurs pour garantir une qualit\u00e9 de fabrication maximale.<\/p>\t\t\t\t\t\t\t\t<\/div>\n\t\t\t\t<div class=\"elementor-element elementor-element-7ba37bf elementor-widget__width-auto btn-substract-corner-beige elementor-widget elementor-widget-button\" data-id=\"7ba37bf\" data-element_type=\"widget\" data-e-type=\"widget\" data-widget_type=\"button.default\">\n\t\t\t\t\t\t\t\t\t\t<a class=\"elementor-button elementor-button-link elementor-size-sm\" href=\"https:\/\/incoperfil.com\/fr\/qualite\/\">\n\t\t\t\t\t\t<span class=\"elementor-button-content-wrapper\">\n\t\t\t\t\t\t\t\t\t<span class=\"elementor-button-text\">voir plus<\/span>\n\t\t\t\t\t<\/span>\n\t\t\t\t\t<\/a>\n\t\t\t\t\t\t\t\t<\/div>\n\t\t\t\t<\/div>\n\t\t\t\t<\/div>\n\t\t<div class=\"elementor-element elementor-element-4d547df e-con-full bloq-003 e-flex e-con e-parent\" data-id=\"4d547df\" data-element_type=\"container\" data-e-type=\"container\" data-settings=\"{&quot;background_background&quot;:&quot;classic&quot;}\">\n\t\t<div class=\"elementor-element elementor-element-5c33f23 e-con-full e-flex e-con e-child\" data-id=\"5c33f23\" data-element_type=\"container\" data-e-type=\"container\">\n\t\t\t\t<div class=\"elementor-element elementor-element-0acf1e1 elementor-widget elementor-widget-heading\" data-id=\"0acf1e1\" data-element_type=\"widget\" data-e-type=\"widget\" data-widget_type=\"heading.default\">\n\t\t\t\t\t<h2 class=\"elementor-heading-title elementor-size-default\">Politique d'entreprise<\/h2>\t\t\t\t<\/div>\n\t\t\t\t<div class=\"elementor-element elementor-element-887a50b elementor-widget elementor-widget-text-editor\" data-id=\"887a50b\" data-element_type=\"widget\" data-e-type=\"widget\" data-widget_type=\"text-editor.default\">\n\t\t\t\t\t\t\t\t\t<p>Notre proposition de valeur est ax\u00e9e sur la qualit\u00e9 et l\u2019innovation constante, en proposant des solutions efficaces accompagn\u00e9es de conseils personnalis\u00e9s. Ceci est possible gr\u00e2ce \u00e0 l&rsquo;engagement de notre \u00e9quipe humaine et \u00e0 la technologie de derni\u00e8re g\u00e9n\u00e9ration de nos usines de production, qui occupent plus de 5 000 m\u00b2 de surface.<\/p>\t\t\t\t\t\t\t\t<\/div>\n\t\t\t\t<div class=\"elementor-element elementor-element-92bc3ab elementor-widget__width-auto btn-substract-corner-beige elementor-widget elementor-widget-button\" data-id=\"92bc3ab\" data-element_type=\"widget\" data-e-type=\"widget\" data-widget_type=\"button.default\">\n\t\t\t\t\t\t\t\t\t\t<a class=\"elementor-button elementor-button-link elementor-size-sm\" href=\"https:\/\/incoperfil.com\/fr\/politique-dentreprise\/\">\n\t\t\t\t\t\t<span class=\"elementor-button-content-wrapper\">\n\t\t\t\t\t\t\t\t\t<span class=\"elementor-button-text\">voir plus<\/span>\n\t\t\t\t\t<\/span>\n\t\t\t\t\t<\/a>\n\t\t\t\t\t\t\t\t<\/div>\n\t\t\t\t<\/div>\n\t\t<div data-dce-background-image-url=\"https:\/\/incoperfil.com\/wp-content\/uploads\/2023\/12\/incoperfil-fabrica-195-Large.jpg\" class=\"elementor-element elementor-element-ab63554 e-con-full e-flex e-con e-child\" data-id=\"ab63554\" data-element_type=\"container\" data-e-type=\"container\" data-settings=\"{&quot;background_background&quot;:&quot;classic&quot;}\">\n\t\t\t\t<\/div>\n\t\t\t\t<\/div>\n\t\t\t\t<\/div>\n\t\t","protected":false},"excerpt":{"rendered":"<p>NOUS MAT\u00c9RIALISONS VOS PROJETS Qualit\u00e9 et excellence dans chaque nouveau projet Home NOTRE ENTREPRISE Leader dans la fabrication de profil\u00e9s pour cloisons industriels L\u2019innovation continue est notre principale strat\u00e9gie. Les produits que nous proposons sont le r\u00e9sultat de plus de 40 ans de collaboration directe avec l\u2019ensemble des acteurs du projet, dans la recherche des [&hellip;]<\/p>\n","protected":false},"author":979,"featured_media":0,"parent":0,"menu_order":0,"comment_status":"closed","ping_status":"closed","template":"","meta":{"_acf_changed":false,"footnotes":""},"categories":[],"tags":[],"class_list":["post-12435","page","type-page","status-publish","hentry"],"acf":[],"yoast_head":"<!-- This site is optimized with the Yoast SEO plugin v27.3 - https:\/\/yoast.com\/product\/yoast-seo-wordpress\/ -->\n<title>Soci\u00e9t\u00e9 - INCOPERFIL<\/title>\n<meta name=\"description\" content=\"Depuis 1985, nous sommes leaders dans la fabrication de profils m\u00e9talliques pour les enveloppes industrielles. Engag\u00e9s pour la qualit\u00e9 \u00e0 Valence, en Espagne.\" \/>\n<meta name=\"robots\" content=\"index, follow, max-snippet:-1, max-image-preview:large, max-video-preview:-1\" \/>\n<link rel=\"canonical\" href=\"https:\/\/incoperfil.com\/fr\/societe\/\" \/>\n<meta property=\"og:locale\" content=\"fr_FR\" \/>\n<meta property=\"og:type\" content=\"article\" \/>\n<meta property=\"og:title\" content=\"Soci\u00e9t\u00e9 - INCOPERFIL\" \/>\n<meta property=\"og:description\" content=\"Depuis 1985, nous sommes leaders dans la fabrication de profils m\u00e9talliques pour les enveloppes industrielles. Engag\u00e9s pour la qualit\u00e9 \u00e0 Valence, en Espagne.\" \/>\n<meta property=\"og:url\" content=\"https:\/\/incoperfil.com\/fr\/societe\/\" \/>\n<meta property=\"og:site_name\" content=\"INCOPERFIL\" \/>\n<meta property=\"article:modified_time\" content=\"2026-03-05T14:54:52+00:00\" \/>\n<meta property=\"og:image\" content=\"https:\/\/incoperfil.com\/wp-content\/uploads\/2025\/03\/incoperfil-fabrica-213_rev01-2.jpg\" \/>\n\t<meta property=\"og:image:width\" content=\"1500\" \/>\n\t<meta property=\"og:image:height\" content=\"1001\" \/>\n\t<meta property=\"og:image:type\" content=\"image\/jpeg\" \/>\n<meta name=\"twitter:card\" content=\"summary_large_image\" \/>\n<meta name=\"twitter:label1\" content=\"Dur\u00e9e de lecture estim\u00e9e\" \/>\n\t<meta name=\"twitter:data1\" content=\"2 minutes\" \/>\n<script type=\"application\/ld+json\" class=\"yoast-schema-graph\">{\"@context\":\"https:\\\/\\\/schema.org\",\"@graph\":[{\"@type\":\"WebPage\",\"@id\":\"https:\\\/\\\/incoperfil.com\\\/fr\\\/societe\\\/\",\"url\":\"https:\\\/\\\/incoperfil.com\\\/fr\\\/societe\\\/\",\"name\":\"Soci\u00e9t\u00e9 - INCOPERFIL\",\"isPartOf\":{\"@id\":\"https:\\\/\\\/incoperfil.com\\\/fr\\\/#website\"},\"primaryImageOfPage\":{\"@id\":\"https:\\\/\\\/incoperfil.com\\\/fr\\\/societe\\\/#primaryimage\"},\"image\":{\"@id\":\"https:\\\/\\\/incoperfil.com\\\/fr\\\/societe\\\/#primaryimage\"},\"thumbnailUrl\":\"https:\\\/\\\/incoperfil.com\\\/wp-content\\\/uploads\\\/2025\\\/03\\\/incoperfil-fabrica-213_rev01-2.jpg\",\"datePublished\":\"2023-12-08T06:41:31+00:00\",\"dateModified\":\"2026-03-05T14:54:52+00:00\",\"description\":\"Depuis 1985, nous sommes leaders dans la fabrication de profils m\u00e9talliques pour les enveloppes industrielles. Engag\u00e9s pour la qualit\u00e9 \u00e0 Valence, en Espagne.\",\"breadcrumb\":{\"@id\":\"https:\\\/\\\/incoperfil.com\\\/fr\\\/societe\\\/#breadcrumb\"},\"inLanguage\":\"fr-FR\",\"potentialAction\":[{\"@type\":\"ReadAction\",\"target\":[\"https:\\\/\\\/incoperfil.com\\\/fr\\\/societe\\\/\"]}]},{\"@type\":\"ImageObject\",\"inLanguage\":\"fr-FR\",\"@id\":\"https:\\\/\\\/incoperfil.com\\\/fr\\\/societe\\\/#primaryimage\",\"url\":\"https:\\\/\\\/incoperfil.com\\\/wp-content\\\/uploads\\\/2025\\\/03\\\/incoperfil-fabrica-213_rev01-2.jpg\",\"contentUrl\":\"https:\\\/\\\/incoperfil.com\\\/wp-content\\\/uploads\\\/2025\\\/03\\\/incoperfil-fabrica-213_rev01-2.jpg\"},{\"@type\":\"BreadcrumbList\",\"@id\":\"https:\\\/\\\/incoperfil.com\\\/fr\\\/societe\\\/#breadcrumb\",\"itemListElement\":[{\"@type\":\"ListItem\",\"position\":1,\"name\":\"Home\",\"item\":\"https:\\\/\\\/incoperfil.com\\\/fr\\\/home\\\/\"},{\"@type\":\"ListItem\",\"position\":2,\"name\":\"Soci\u00e9t\u00e9\"}]},{\"@type\":\"WebSite\",\"@id\":\"https:\\\/\\\/incoperfil.com\\\/fr\\\/#website\",\"url\":\"https:\\\/\\\/incoperfil.com\\\/fr\\\/\",\"name\":\"INCOPERFIL\",\"description\":\"Fabricante de perfiles met\u00e1licos para la construcci\u00f3n industrial: cubierta deck, forjado colaborante, cubiertas curvadas, etc.\",\"publisher\":{\"@id\":\"https:\\\/\\\/incoperfil.com\\\/fr\\\/#organization\"},\"potentialAction\":[{\"@type\":\"SearchAction\",\"target\":{\"@type\":\"EntryPoint\",\"urlTemplate\":\"https:\\\/\\\/incoperfil.com\\\/fr\\\/?s={search_term_string}\"},\"query-input\":{\"@type\":\"PropertyValueSpecification\",\"valueRequired\":true,\"valueName\":\"search_term_string\"}}],\"inLanguage\":\"fr-FR\"},{\"@type\":\"Organization\",\"@id\":\"https:\\\/\\\/incoperfil.com\\\/fr\\\/#organization\",\"name\":\"INCOPERFIL\",\"url\":\"https:\\\/\\\/incoperfil.com\\\/fr\\\/\",\"logo\":{\"@type\":\"ImageObject\",\"inLanguage\":\"fr-FR\",\"@id\":\"https:\\\/\\\/incoperfil.com\\\/fr\\\/#\\\/schema\\\/logo\\\/image\\\/\",\"url\":\"https:\\\/\\\/incoperfil.com\\\/wp-content\\\/uploads\\\/2023\\\/03\\\/logo-40-ANIVERSARIO.png\",\"contentUrl\":\"https:\\\/\\\/incoperfil.com\\\/wp-content\\\/uploads\\\/2023\\\/03\\\/logo-40-ANIVERSARIO.png\",\"width\":5120,\"height\":430,\"caption\":\"INCOPERFIL\"},\"image\":{\"@id\":\"https:\\\/\\\/incoperfil.com\\\/fr\\\/#\\\/schema\\\/logo\\\/image\\\/\"}}]}<\/script>\n<!-- \/ Yoast SEO plugin. -->","yoast_head_json":{"title":"Soci\u00e9t\u00e9 - INCOPERFIL","description":"Depuis 1985, nous sommes leaders dans la fabrication de profils m\u00e9talliques pour les enveloppes industrielles. Engag\u00e9s pour la qualit\u00e9 \u00e0 Valence, en Espagne.","robots":{"index":"index","follow":"follow","max-snippet":"max-snippet:-1","max-image-preview":"max-image-preview:large","max-video-preview":"max-video-preview:-1"},"canonical":"https:\/\/incoperfil.com\/fr\/societe\/","og_locale":"fr_FR","og_type":"article","og_title":"Soci\u00e9t\u00e9 - INCOPERFIL","og_description":"Depuis 1985, nous sommes leaders dans la fabrication de profils m\u00e9talliques pour les enveloppes industrielles. Engag\u00e9s pour la qualit\u00e9 \u00e0 Valence, en Espagne.","og_url":"https:\/\/incoperfil.com\/fr\/societe\/","og_site_name":"INCOPERFIL","article_modified_time":"2026-03-05T14:54:52+00:00","og_image":[{"width":1500,"height":1001,"url":"https:\/\/incoperfil.com\/wp-content\/uploads\/2025\/03\/incoperfil-fabrica-213_rev01-2.jpg","type":"image\/jpeg"}],"twitter_card":"summary_large_image","twitter_misc":{"Dur\u00e9e de lecture estim\u00e9e":"2 minutes"},"schema":{"@context":"https:\/\/schema.org","@graph":[{"@type":"WebPage","@id":"https:\/\/incoperfil.com\/fr\/societe\/","url":"https:\/\/incoperfil.com\/fr\/societe\/","name":"Soci\u00e9t\u00e9 - INCOPERFIL","isPartOf":{"@id":"https:\/\/incoperfil.com\/fr\/#website"},"primaryImageOfPage":{"@id":"https:\/\/incoperfil.com\/fr\/societe\/#primaryimage"},"image":{"@id":"https:\/\/incoperfil.com\/fr\/societe\/#primaryimage"},"thumbnailUrl":"https:\/\/incoperfil.com\/wp-content\/uploads\/2025\/03\/incoperfil-fabrica-213_rev01-2.jpg","datePublished":"2023-12-08T06:41:31+00:00","dateModified":"2026-03-05T14:54:52+00:00","description":"Depuis 1985, nous sommes leaders dans la fabrication de profils m\u00e9talliques pour les enveloppes industrielles. Engag\u00e9s pour la qualit\u00e9 \u00e0 Valence, en Espagne.","breadcrumb":{"@id":"https:\/\/incoperfil.com\/fr\/societe\/#breadcrumb"},"inLanguage":"fr-FR","potentialAction":[{"@type":"ReadAction","target":["https:\/\/incoperfil.com\/fr\/societe\/"]}]},{"@type":"ImageObject","inLanguage":"fr-FR","@id":"https:\/\/incoperfil.com\/fr\/societe\/#primaryimage","url":"https:\/\/incoperfil.com\/wp-content\/uploads\/2025\/03\/incoperfil-fabrica-213_rev01-2.jpg","contentUrl":"https:\/\/incoperfil.com\/wp-content\/uploads\/2025\/03\/incoperfil-fabrica-213_rev01-2.jpg"},{"@type":"BreadcrumbList","@id":"https:\/\/incoperfil.com\/fr\/societe\/#breadcrumb","itemListElement":[{"@type":"ListItem","position":1,"name":"Home","item":"https:\/\/incoperfil.com\/fr\/home\/"},{"@type":"ListItem","position":2,"name":"Soci\u00e9t\u00e9"}]},{"@type":"WebSite","@id":"https:\/\/incoperfil.com\/fr\/#website","url":"https:\/\/incoperfil.com\/fr\/","name":"INCOPERFIL","description":"Fabricante de perfiles met\u00e1licos para la construcci\u00f3n industrial: cubierta deck, forjado colaborante, cubiertas curvadas, etc.","publisher":{"@id":"https:\/\/incoperfil.com\/fr\/#organization"},"potentialAction":[{"@type":"SearchAction","target":{"@type":"EntryPoint","urlTemplate":"https:\/\/incoperfil.com\/fr\/?s={search_term_string}"},"query-input":{"@type":"PropertyValueSpecification","valueRequired":true,"valueName":"search_term_string"}}],"inLanguage":"fr-FR"},{"@type":"Organization","@id":"https:\/\/incoperfil.com\/fr\/#organization","name":"INCOPERFIL","url":"https:\/\/incoperfil.com\/fr\/","logo":{"@type":"ImageObject","inLanguage":"fr-FR","@id":"https:\/\/incoperfil.com\/fr\/#\/schema\/logo\/image\/","url":"https:\/\/incoperfil.com\/wp-content\/uploads\/2023\/03\/logo-40-ANIVERSARIO.png","contentUrl":"https:\/\/incoperfil.com\/wp-content\/uploads\/2023\/03\/logo-40-ANIVERSARIO.png","width":5120,"height":430,"caption":"INCOPERFIL"},"image":{"@id":"https:\/\/incoperfil.com\/fr\/#\/schema\/logo\/image\/"}}]}},"_links":{"self":[{"href":"https:\/\/incoperfil.com\/fr\/wp-json\/wp\/v2\/pages\/12435","targetHints":{"allow":["GET"]}}],"collection":[{"href":"https:\/\/incoperfil.com\/fr\/wp-json\/wp\/v2\/pages"}],"about":[{"href":"https:\/\/incoperfil.com\/fr\/wp-json\/wp\/v2\/types\/page"}],"author":[{"embeddable":true,"href":"https:\/\/incoperfil.com\/fr\/wp-json\/wp\/v2\/users\/979"}],"replies":[{"embeddable":true,"href":"https:\/\/incoperfil.com\/fr\/wp-json\/wp\/v2\/comments?post=12435"}],"version-history":[{"count":11,"href":"https:\/\/incoperfil.com\/fr\/wp-json\/wp\/v2\/pages\/12435\/revisions"}],"predecessor-version":[{"id":23493,"href":"https:\/\/incoperfil.com\/fr\/wp-json\/wp\/v2\/pages\/12435\/revisions\/23493"}],"wp:attachment":[{"href":"https:\/\/incoperfil.com\/fr\/wp-json\/wp\/v2\/media?parent=12435"}],"wp:term":[{"taxonomy":"category","embeddable":true,"href":"https:\/\/incoperfil.com\/fr\/wp-json\/wp\/v2\/categories?post=12435"},{"taxonomy":"post_tag","embeddable":true,"href":"https:\/\/incoperfil.com\/fr\/wp-json\/wp\/v2\/tags?post=12435"}],"curies":[{"name":"wp","href":"https:\/\/api.w.org\/{rel}","templated":true}]}}