{"id":12453,"date":"2023-09-14T00:21:18","date_gmt":"2023-09-13T22:21:18","guid":{"rendered":"https:\/\/incoperfil.com\/histoire\/"},"modified":"2026-03-05T16:36:41","modified_gmt":"2026-03-05T15:36:41","slug":"histoire","status":"publish","type":"page","link":"https:\/\/incoperfil.com\/fr\/histoire\/","title":{"rendered":"Qui sommes-nous"},"content":{"rendered":"\t\t<div data-elementor-type=\"wp-page\" data-elementor-id=\"12453\" class=\"elementor elementor-12453 elementor-395\" data-elementor-post-type=\"page\">\n\t\t\t\t<div class=\"elementor-element elementor-element-a5d88ea e-con-full e-flex e-con e-parent\" data-id=\"a5d88ea\" data-element_type=\"container\" data-e-type=\"container\">\n\t\t\t\t<div class=\"elementor-element elementor-element-aff4683 elementor--h-position-left elementor--v-position-bottom elementor-arrows-position-inside elementor-pagination-position-inside elementor-widget elementor-widget-slides\" data-id=\"aff4683\" data-element_type=\"widget\" data-e-type=\"widget\" data-settings=\"{&quot;navigation&quot;:&quot;both&quot;,&quot;autoplay&quot;:&quot;yes&quot;,&quot;pause_on_hover&quot;:&quot;yes&quot;,&quot;pause_on_interaction&quot;:&quot;yes&quot;,&quot;autoplay_speed&quot;:5000,&quot;infinite&quot;:&quot;yes&quot;,&quot;transition&quot;:&quot;slide&quot;,&quot;transition_speed&quot;:500}\" data-widget_type=\"slides.default\">\n\t\t\t\t\t\t\t\t\t\t<div class=\"elementor-slides-wrapper elementor-main-swiper swiper\" role=\"region\" aria-roledescription=\"carousel\" aria-label=\"Diapositives\" dir=\"ltr\" data-animation=\"fadeInUp\">\n\t\t\t\t<div class=\"swiper-wrapper elementor-slides\">\n\t\t\t\t\t\t\t\t\t\t<div class=\"elementor-repeater-item-2b0d231 swiper-slide\" role=\"group\" aria-roledescription=\"slide\"><div class=\"swiper-slide-bg\" role=\"img\" aria-label=\"sesi\u00f3n Incoperfil. Fachada f\u00e1brica\"><\/div><div class=\"swiper-slide-inner\" ><div class=\"swiper-slide-contents\"><h2 class=\"elementor-slide-description\"><p>Incoperfil, <br \/>apportant de la valeur depuis 1985<\/p>\n<\/h2><\/div><\/div><\/div>\t\t\t\t<\/div>\n\t\t\t\t\t\t\t<\/div>\n\t\t\t\t\t\t\t\t<\/div>\n\t\t\t\t<div class=\"elementor-element elementor-element-628be7f elementor-widget__width-inherit elementor-absolute elementor-widget elementor-widget-global elementor-global-9422 elementor-widget-dce-breadcrumbs\" data-id=\"628be7f\" data-element_type=\"widget\" data-e-type=\"widget\" data-settings=\"{&quot;_position&quot;:&quot;absolute&quot;}\" data-widget_type=\"dce-breadcrumbs.default\">\n\t\t\t\t<div class=\"elementor-widget-container\">\n\t\t\t\t\t<div><span><span><a href=\"https:\/\/incoperfil.com\/fr\/home\/\">Home<\/a><\/span><\/span><\/div>\t\t\t\t<\/div>\n\t\t\t\t<\/div>\n\t\t\t\t<div class=\"elementor-element elementor-element-4c796a7 elementor-widget__width-inherit elementor-absolute elementor-widget elementor-widget-global elementor-global-9482 elementor-widget-heading\" data-id=\"4c796a7\" data-element_type=\"widget\" data-e-type=\"widget\" data-settings=\"{&quot;_position&quot;:&quot;absolute&quot;}\" data-widget_type=\"heading.default\">\n\t\t\t\t\t<h1 class=\"elementor-heading-title elementor-size-default\">Qui sommes-nous<\/h1>\t\t\t\t<\/div>\n\t\t\t\t<\/div>\n\t\t<div class=\"elementor-element elementor-element-05e16fb e-con-full bloq-002 e-flex e-con e-parent\" data-id=\"05e16fb\" data-element_type=\"container\" data-e-type=\"container\" data-settings=\"{&quot;background_background&quot;:&quot;classic&quot;}\">\n\t\t<div class=\"elementor-element elementor-element-8aa728c e-con-full e-flex e-con e-child\" data-id=\"8aa728c\" data-element_type=\"container\" data-e-type=\"container\">\n\t\t\t\t<div class=\"elementor-element elementor-element-a1d3d98 dce_masking-none elementor-widget elementor-widget-image\" data-id=\"a1d3d98\" data-element_type=\"widget\" data-e-type=\"widget\" data-widget_type=\"image.default\">\n\t\t\t\t\t\t\t\t\t\t\t\t\t\t\t<img fetchpriority=\"high\" decoding=\"async\" width=\"800\" height=\"532\" src=\"https:\/\/incoperfil.com\/wp-content\/uploads\/2023\/12\/IMG_0007-bn-modified-1024x681.jpg\" class=\"attachment-large size-large wp-image-7679\" alt=\"historia incoperfil. origen empresa, perfiladora\" srcset=\"https:\/\/incoperfil.com\/wp-content\/uploads\/2023\/12\/IMG_0007-bn-modified-1024x681.jpg 1024w, https:\/\/incoperfil.com\/wp-content\/uploads\/2023\/12\/IMG_0007-bn-modified-300x200.jpg 300w, https:\/\/incoperfil.com\/wp-content\/uploads\/2023\/12\/IMG_0007-bn-modified-768x511.jpg 768w, https:\/\/incoperfil.com\/wp-content\/uploads\/2023\/12\/IMG_0007-bn-modified-1536x1022.jpg 1536w, https:\/\/incoperfil.com\/wp-content\/uploads\/2023\/12\/IMG_0007-bn-modified-2048x1362.jpg 2048w\" sizes=\"(max-width: 800px) 100vw, 800px\" \/>\t\t\t\t\t\t\t\t\t\t\t\t\t\t\t<\/div>\n\t\t\t\t<\/div>\n\t\t<div class=\"elementor-element elementor-element-7be789b e-con-full e-flex e-con e-child\" data-id=\"7be789b\" data-element_type=\"container\" data-e-type=\"container\">\n\t\t\t\t<div class=\"elementor-element elementor-element-6e5de50 elementor-widget elementor-widget-heading\" data-id=\"6e5de50\" data-element_type=\"widget\" data-e-type=\"widget\" data-widget_type=\"heading.default\">\n\t\t\t\t\t<h2 class=\"elementor-heading-title elementor-size-default\">Notre entreprise a commenc\u00e9 son activit\u00e9 en 1985 avec un grand engagement dans la construction d'enceintes industrielles.<\/h2>\t\t\t\t<\/div>\n\t\t\t\t<div class=\"elementor-element elementor-element-0f2bc4c elementor-widget elementor-widget-text-editor\" data-id=\"0f2bc4c\" data-element_type=\"widget\" data-e-type=\"widget\" data-widget_type=\"text-editor.default\">\n\t\t\t\t\t\t\t\t\t<p>Incoperfil est une entreprise familiale \u00e0 capital valencien qui a commenc\u00e9 son parcours en 1985 \u00e0 Beniparrell (Valence), en Espagne. Au d\u00e9but, elle d\u00e9veloppa son activit\u00e9 dans la fabrication et l&rsquo;installation d&rsquo;enveloppes m\u00e9talliques pour les constructions, principalement industrielles. En 1989, Incoperfil change d&rsquo;activit\u00e9 et se consacre exclusivement \u00e0 la fabrication de bacs acier m\u00e9talliques et d&rsquo;accessoires pour la construction. Gr\u00e2ce \u00e0 cet engagement, Incoperfil a poursuivi son engagement envers l&rsquo;excellence, en acqu\u00e9rant de nouvelles machines et en int\u00e9grant de nouveaux produits. Dans cette premi\u00e8re \u00e9tape, des bacs acier de hauteur r\u00e9duits de 30 et 44 mm ont \u00e9t\u00e9 d\u00e9velopp\u00e9s, destin\u00e9s aux toitures et aux bardages industriels.<\/p>\n<p>\u00c0 partir de 2003, Incoperfil a entam\u00e9 une nouvelle approche de sa strat\u00e9gie commerciale, en \u00e9largissant sa gamme de produits et en int\u00e9grant les premi\u00e8res solutions autoportantes, \u00e0 la fois plates jusqu&rsquo;\u00e0 4 m\u00e8tres et cintr\u00e9s jusqu&rsquo;\u00e0 13 m\u00e8tres. Ce changement est le r\u00e9sultat d&rsquo;une strat\u00e9gie continue de diversification et de diff\u00e9renciation, dans le but d&rsquo;offrir des produits \u00e0 plus grande valeur ajout\u00e9e appliqu\u00e9s dans de multiples syst\u00e8mes constructifs. Gr\u00e2ce \u00e0 cet effort, des collaborations ont \u00e9t\u00e9 initi\u00e9es avec diff\u00e9rents centres technologiques et universit\u00e9s, et un service d&rsquo;assistance technique a \u00e9t\u00e9 incorpor\u00e9 pour soutenir les nouveaux produits. A ce stade, des bacs acier de hautuer interm\u00e9diaire de 44 et 70 mm ont \u00e9t\u00e9 d\u00e9velopp\u00e9s, destin\u00e9s aux toitures et fa\u00e7ades plates et cintr\u00e9s, ainsi qu&rsquo;un bac acier collaborant d&rsquo;une hauteur de 70 mm.<\/p>\n\t\t\t\t\t\t\t\t<\/div>\n\t\t\t\t<\/div>\n\t\t\t\t<\/div>\n\t\t<div class=\"elementor-element elementor-element-85dba60 e-con-full bloq-002 e-flex e-con e-parent\" data-id=\"85dba60\" data-element_type=\"container\" data-e-type=\"container\" data-settings=\"{&quot;background_background&quot;:&quot;classic&quot;}\">\n\t\t<div class=\"elementor-element elementor-element-9c4b461 e-con-full e-flex e-con e-child\" data-id=\"9c4b461\" data-element_type=\"container\" data-e-type=\"container\">\n\t\t\t\t<div class=\"elementor-element elementor-element-df34379 dce_masking-none elementor-widget elementor-widget-image\" data-id=\"df34379\" data-element_type=\"widget\" data-e-type=\"widget\" data-widget_type=\"image.default\">\n\t\t\t\t\t\t\t\t\t\t\t\t\t\t\t<img decoding=\"async\" width=\"683\" height=\"1024\" data-src=\"https:\/\/incoperfil.com\/wp-content\/uploads\/2024\/05\/P1440808-Large-683x1024.jpg\" class=\"attachment-large size-large wp-image-7845 lazyload\" alt=\"Imagen de Incoperfil, f\u00e1brica\" data-srcset=\"https:\/\/incoperfil.com\/wp-content\/uploads\/2024\/05\/P1440808-Large-683x1024.jpg 683w, https:\/\/incoperfil.com\/wp-content\/uploads\/2024\/05\/P1440808-Large-200x300.jpg 200w, https:\/\/incoperfil.com\/wp-content\/uploads\/2024\/05\/P1440808-Large-768x1152.jpg 768w, https:\/\/incoperfil.com\/wp-content\/uploads\/2024\/05\/P1440808-Large-1024x1536.jpg 1024w, https:\/\/incoperfil.com\/wp-content\/uploads\/2024\/05\/P1440808-Large-rotated.jpg 1080w\" data-sizes=\"(max-width: 683px) 100vw, 683px\" src=\"data:image\/gif;base64,R0lGODlhAQABAAAAACH5BAEKAAEALAAAAAABAAEAAAICTAEAOw==\" style=\"--smush-placeholder-width: 683px; --smush-placeholder-aspect-ratio: 683\/1024;\" \/>\t\t\t\t\t\t\t\t\t\t\t\t\t\t\t<\/div>\n\t\t\t\t<\/div>\n\t\t<div class=\"elementor-element elementor-element-736a136 e-con-full e-flex e-con e-child\" data-id=\"736a136\" data-element_type=\"container\" data-e-type=\"container\">\n\t\t\t\t<div class=\"elementor-element elementor-element-c50e991 elementor-widget elementor-widget-heading\" data-id=\"c50e991\" data-element_type=\"widget\" data-e-type=\"widget\" data-widget_type=\"heading.default\">\n\t\t\t\t\t<h2 class=\"elementor-heading-title elementor-size-default\">Actuellement, nous sommes parmi les fabricants les plus consolid\u00e9s et reconnus au niveau national et international.<\/h2>\t\t\t\t<\/div>\n\t\t\t\t<div class=\"elementor-element elementor-element-06c4cb4 elementor-widget elementor-widget-text-editor\" data-id=\"06c4cb4\" data-element_type=\"widget\" data-e-type=\"widget\" data-widget_type=\"text-editor.default\">\n\t\t\t\t\t\t\t\t\t<p>En 2019, de nouvelles lignes de production ont \u00e9t\u00e9 incorpor\u00e9es pour \u00e9tendre les solutions autoportantes \u00e0 des niveaux sans pr\u00e9c\u00e9dent sur le march\u00e9 national, avec des solutions plates jusqu&rsquo;\u00e0 10 m\u00e8tres et des solutions cintr\u00e9s jusqu&rsquo;\u00e0 22 m\u00e8tres. Les collaborations avec des entit\u00e9s externes ont \u00e9t\u00e9 intensifi\u00e9es pour d\u00e9velopper de nouveaux produits, r\u00e9aliser les tests correspondants et cr\u00e9er de nouveaux mod\u00e8les et applications de calcul, \u00e9tant donn\u00e9 que dans de nombreux cas, les limites \u00e9tablies par la r\u00e9glementation et la litt\u00e9rature scientifique \u00e9taient d\u00e9pass\u00e9es. Dans cette derni\u00e8re \u00e9tape, des bac acier de grande hauteur de 100, 155 et 157 mm ont \u00e9t\u00e9 d\u00e9velopp\u00e9s, destin\u00e9s aux toitures et bardages plates et cintr\u00e9s, ainsi que deux bacs acier de plancher collaborant d&rsquo;une hauteur de 100 mm.<\/p>\n\t\t\t\t\t\t\t\t<\/div>\n\t\t\t\t<\/div>\n\t\t\t\t<\/div>\n\t\t\t\t<\/div>\n\t\t","protected":false},"excerpt":{"rendered":"<p>Incoperfil, apportant de la valeur depuis 1985 Home Notre entreprise a commenc\u00e9 son activit\u00e9 en 1985 avec un grand engagement dans la construction d&rsquo;enceintes industrielles. Incoperfil est une entreprise familiale \u00e0 capital valencien qui a commenc\u00e9 son parcours en 1985 \u00e0 Beniparrell (Valence), en Espagne. Au d\u00e9but, elle d\u00e9veloppa son activit\u00e9 dans la fabrication et [&hellip;]<\/p>\n","protected":false},"author":979,"featured_media":0,"parent":0,"menu_order":0,"comment_status":"closed","ping_status":"closed","template":"","meta":{"_acf_changed":false,"footnotes":""},"categories":[],"tags":[],"class_list":["post-12453","page","type-page","status-publish","hentry"],"acf":[],"yoast_head":"<!-- This site is optimized with the Yoast SEO plugin v27.3 - https:\/\/yoast.com\/product\/yoast-seo-wordpress\/ -->\n<title>Qui sommes-nous - INCOPERFIL<\/title>\n<meta name=\"description\" content=\"Depuis 1985, nous fabriquons des profils m\u00e9talliques pour les enveloppes industrielles. Engag\u00e9s en faveur de la qualit\u00e9, de l\u2019innovation et du service.\" \/>\n<meta name=\"robots\" content=\"index, follow, max-snippet:-1, max-image-preview:large, max-video-preview:-1\" \/>\n<link rel=\"canonical\" href=\"https:\/\/incoperfil.com\/fr\/histoire\/\" \/>\n<meta property=\"og:locale\" content=\"fr_FR\" \/>\n<meta property=\"og:type\" content=\"article\" \/>\n<meta property=\"og:title\" content=\"Qui sommes-nous - INCOPERFIL\" \/>\n<meta property=\"og:description\" content=\"Depuis 1985, nous fabriquons des profils m\u00e9talliques pour les enveloppes industrielles. Engag\u00e9s en faveur de la qualit\u00e9, de l\u2019innovation et du service.\" \/>\n<meta property=\"og:url\" content=\"https:\/\/incoperfil.com\/fr\/histoire\/\" \/>\n<meta property=\"og:site_name\" content=\"INCOPERFIL\" \/>\n<meta property=\"article:modified_time\" content=\"2026-03-05T15:36:41+00:00\" \/>\n<meta property=\"og:image\" content=\"https:\/\/incoperfil.com\/wp-content\/uploads\/2023\/12\/IMG_0007-bn-modified-scaled.jpg\" \/>\n\t<meta property=\"og:image:width\" content=\"2560\" \/>\n\t<meta property=\"og:image:height\" content=\"1703\" \/>\n\t<meta property=\"og:image:type\" content=\"image\/jpeg\" \/>\n<meta name=\"twitter:card\" content=\"summary_large_image\" \/>\n<meta name=\"twitter:label1\" content=\"Dur\u00e9e de lecture estim\u00e9e\" \/>\n\t<meta name=\"twitter:data1\" content=\"3 minutes\" \/>\n<script type=\"application\/ld+json\" class=\"yoast-schema-graph\">{\"@context\":\"https:\\\/\\\/schema.org\",\"@graph\":[{\"@type\":\"WebPage\",\"@id\":\"https:\\\/\\\/incoperfil.com\\\/fr\\\/histoire\\\/\",\"url\":\"https:\\\/\\\/incoperfil.com\\\/fr\\\/histoire\\\/\",\"name\":\"Qui sommes-nous - INCOPERFIL\",\"isPartOf\":{\"@id\":\"https:\\\/\\\/incoperfil.com\\\/fr\\\/#website\"},\"primaryImageOfPage\":{\"@id\":\"https:\\\/\\\/incoperfil.com\\\/fr\\\/histoire\\\/#primaryimage\"},\"image\":{\"@id\":\"https:\\\/\\\/incoperfil.com\\\/fr\\\/histoire\\\/#primaryimage\"},\"thumbnailUrl\":\"https:\\\/\\\/incoperfil.com\\\/wp-content\\\/uploads\\\/2023\\\/12\\\/IMG_0007-bn-modified-1024x681.jpg\",\"datePublished\":\"2023-09-13T22:21:18+00:00\",\"dateModified\":\"2026-03-05T15:36:41+00:00\",\"description\":\"Depuis 1985, nous fabriquons des profils m\u00e9talliques pour les enveloppes industrielles. Engag\u00e9s en faveur de la qualit\u00e9, de l\u2019innovation et du service.\",\"breadcrumb\":{\"@id\":\"https:\\\/\\\/incoperfil.com\\\/fr\\\/histoire\\\/#breadcrumb\"},\"inLanguage\":\"fr-FR\",\"potentialAction\":[{\"@type\":\"ReadAction\",\"target\":[\"https:\\\/\\\/incoperfil.com\\\/fr\\\/histoire\\\/\"]}]},{\"@type\":\"ImageObject\",\"inLanguage\":\"fr-FR\",\"@id\":\"https:\\\/\\\/incoperfil.com\\\/fr\\\/histoire\\\/#primaryimage\",\"url\":\"https:\\\/\\\/incoperfil.com\\\/wp-content\\\/uploads\\\/2023\\\/12\\\/IMG_0007-bn-modified-1024x681.jpg\",\"contentUrl\":\"https:\\\/\\\/incoperfil.com\\\/wp-content\\\/uploads\\\/2023\\\/12\\\/IMG_0007-bn-modified-1024x681.jpg\"},{\"@type\":\"BreadcrumbList\",\"@id\":\"https:\\\/\\\/incoperfil.com\\\/fr\\\/histoire\\\/#breadcrumb\",\"itemListElement\":[{\"@type\":\"ListItem\",\"position\":1,\"name\":\"Home\",\"item\":\"https:\\\/\\\/incoperfil.com\\\/fr\\\/home\\\/\"},{\"@type\":\"ListItem\",\"position\":2,\"name\":\"Qui sommes-nous\"}]},{\"@type\":\"WebSite\",\"@id\":\"https:\\\/\\\/incoperfil.com\\\/fr\\\/#website\",\"url\":\"https:\\\/\\\/incoperfil.com\\\/fr\\\/\",\"name\":\"INCOPERFIL\",\"description\":\"Fabricante de perfiles met\u00e1licos para la construcci\u00f3n industrial: cubierta deck, forjado colaborante, cubiertas curvadas, etc.\",\"publisher\":{\"@id\":\"https:\\\/\\\/incoperfil.com\\\/fr\\\/#organization\"},\"potentialAction\":[{\"@type\":\"SearchAction\",\"target\":{\"@type\":\"EntryPoint\",\"urlTemplate\":\"https:\\\/\\\/incoperfil.com\\\/fr\\\/?s={search_term_string}\"},\"query-input\":{\"@type\":\"PropertyValueSpecification\",\"valueRequired\":true,\"valueName\":\"search_term_string\"}}],\"inLanguage\":\"fr-FR\"},{\"@type\":\"Organization\",\"@id\":\"https:\\\/\\\/incoperfil.com\\\/fr\\\/#organization\",\"name\":\"INCOPERFIL\",\"url\":\"https:\\\/\\\/incoperfil.com\\\/fr\\\/\",\"logo\":{\"@type\":\"ImageObject\",\"inLanguage\":\"fr-FR\",\"@id\":\"https:\\\/\\\/incoperfil.com\\\/fr\\\/#\\\/schema\\\/logo\\\/image\\\/\",\"url\":\"https:\\\/\\\/incoperfil.com\\\/wp-content\\\/uploads\\\/2023\\\/03\\\/logo-40-ANIVERSARIO.png\",\"contentUrl\":\"https:\\\/\\\/incoperfil.com\\\/wp-content\\\/uploads\\\/2023\\\/03\\\/logo-40-ANIVERSARIO.png\",\"width\":5120,\"height\":430,\"caption\":\"INCOPERFIL\"},\"image\":{\"@id\":\"https:\\\/\\\/incoperfil.com\\\/fr\\\/#\\\/schema\\\/logo\\\/image\\\/\"}}]}<\/script>\n<!-- \/ Yoast SEO plugin. -->","yoast_head_json":{"title":"Qui sommes-nous - INCOPERFIL","description":"Depuis 1985, nous fabriquons des profils m\u00e9talliques pour les enveloppes industrielles. Engag\u00e9s en faveur de la qualit\u00e9, de l\u2019innovation et du service.","robots":{"index":"index","follow":"follow","max-snippet":"max-snippet:-1","max-image-preview":"max-image-preview:large","max-video-preview":"max-video-preview:-1"},"canonical":"https:\/\/incoperfil.com\/fr\/histoire\/","og_locale":"fr_FR","og_type":"article","og_title":"Qui sommes-nous - INCOPERFIL","og_description":"Depuis 1985, nous fabriquons des profils m\u00e9talliques pour les enveloppes industrielles. Engag\u00e9s en faveur de la qualit\u00e9, de l\u2019innovation et du service.","og_url":"https:\/\/incoperfil.com\/fr\/histoire\/","og_site_name":"INCOPERFIL","article_modified_time":"2026-03-05T15:36:41+00:00","og_image":[{"width":2560,"height":1703,"url":"https:\/\/incoperfil.com\/wp-content\/uploads\/2023\/12\/IMG_0007-bn-modified-scaled.jpg","type":"image\/jpeg"}],"twitter_card":"summary_large_image","twitter_misc":{"Dur\u00e9e de lecture estim\u00e9e":"3 minutes"},"schema":{"@context":"https:\/\/schema.org","@graph":[{"@type":"WebPage","@id":"https:\/\/incoperfil.com\/fr\/histoire\/","url":"https:\/\/incoperfil.com\/fr\/histoire\/","name":"Qui sommes-nous - INCOPERFIL","isPartOf":{"@id":"https:\/\/incoperfil.com\/fr\/#website"},"primaryImageOfPage":{"@id":"https:\/\/incoperfil.com\/fr\/histoire\/#primaryimage"},"image":{"@id":"https:\/\/incoperfil.com\/fr\/histoire\/#primaryimage"},"thumbnailUrl":"https:\/\/incoperfil.com\/wp-content\/uploads\/2023\/12\/IMG_0007-bn-modified-1024x681.jpg","datePublished":"2023-09-13T22:21:18+00:00","dateModified":"2026-03-05T15:36:41+00:00","description":"Depuis 1985, nous fabriquons des profils m\u00e9talliques pour les enveloppes industrielles. Engag\u00e9s en faveur de la qualit\u00e9, de l\u2019innovation et du service.","breadcrumb":{"@id":"https:\/\/incoperfil.com\/fr\/histoire\/#breadcrumb"},"inLanguage":"fr-FR","potentialAction":[{"@type":"ReadAction","target":["https:\/\/incoperfil.com\/fr\/histoire\/"]}]},{"@type":"ImageObject","inLanguage":"fr-FR","@id":"https:\/\/incoperfil.com\/fr\/histoire\/#primaryimage","url":"https:\/\/incoperfil.com\/wp-content\/uploads\/2023\/12\/IMG_0007-bn-modified-1024x681.jpg","contentUrl":"https:\/\/incoperfil.com\/wp-content\/uploads\/2023\/12\/IMG_0007-bn-modified-1024x681.jpg"},{"@type":"BreadcrumbList","@id":"https:\/\/incoperfil.com\/fr\/histoire\/#breadcrumb","itemListElement":[{"@type":"ListItem","position":1,"name":"Home","item":"https:\/\/incoperfil.com\/fr\/home\/"},{"@type":"ListItem","position":2,"name":"Qui sommes-nous"}]},{"@type":"WebSite","@id":"https:\/\/incoperfil.com\/fr\/#website","url":"https:\/\/incoperfil.com\/fr\/","name":"INCOPERFIL","description":"Fabricante de perfiles met\u00e1licos para la construcci\u00f3n industrial: cubierta deck, forjado colaborante, cubiertas curvadas, etc.","publisher":{"@id":"https:\/\/incoperfil.com\/fr\/#organization"},"potentialAction":[{"@type":"SearchAction","target":{"@type":"EntryPoint","urlTemplate":"https:\/\/incoperfil.com\/fr\/?s={search_term_string}"},"query-input":{"@type":"PropertyValueSpecification","valueRequired":true,"valueName":"search_term_string"}}],"inLanguage":"fr-FR"},{"@type":"Organization","@id":"https:\/\/incoperfil.com\/fr\/#organization","name":"INCOPERFIL","url":"https:\/\/incoperfil.com\/fr\/","logo":{"@type":"ImageObject","inLanguage":"fr-FR","@id":"https:\/\/incoperfil.com\/fr\/#\/schema\/logo\/image\/","url":"https:\/\/incoperfil.com\/wp-content\/uploads\/2023\/03\/logo-40-ANIVERSARIO.png","contentUrl":"https:\/\/incoperfil.com\/wp-content\/uploads\/2023\/03\/logo-40-ANIVERSARIO.png","width":5120,"height":430,"caption":"INCOPERFIL"},"image":{"@id":"https:\/\/incoperfil.com\/fr\/#\/schema\/logo\/image\/"}}]}},"_links":{"self":[{"href":"https:\/\/incoperfil.com\/fr\/wp-json\/wp\/v2\/pages\/12453","targetHints":{"allow":["GET"]}}],"collection":[{"href":"https:\/\/incoperfil.com\/fr\/wp-json\/wp\/v2\/pages"}],"about":[{"href":"https:\/\/incoperfil.com\/fr\/wp-json\/wp\/v2\/types\/page"}],"author":[{"embeddable":true,"href":"https:\/\/incoperfil.com\/fr\/wp-json\/wp\/v2\/users\/979"}],"replies":[{"embeddable":true,"href":"https:\/\/incoperfil.com\/fr\/wp-json\/wp\/v2\/comments?post=12453"}],"version-history":[{"count":5,"href":"https:\/\/incoperfil.com\/fr\/wp-json\/wp\/v2\/pages\/12453\/revisions"}],"predecessor-version":[{"id":23508,"href":"https:\/\/incoperfil.com\/fr\/wp-json\/wp\/v2\/pages\/12453\/revisions\/23508"}],"wp:attachment":[{"href":"https:\/\/incoperfil.com\/fr\/wp-json\/wp\/v2\/media?parent=12453"}],"wp:term":[{"taxonomy":"category","embeddable":true,"href":"https:\/\/incoperfil.com\/fr\/wp-json\/wp\/v2\/categories?post=12453"},{"taxonomy":"post_tag","embeddable":true,"href":"https:\/\/incoperfil.com\/fr\/wp-json\/wp\/v2\/tags?post=12453"}],"curies":[{"name":"wp","href":"https:\/\/api.w.org\/{rel}","templated":true}]}}