{"id":12459,"date":"2023-09-14T00:24:55","date_gmt":"2023-09-13T22:24:55","guid":{"rendered":"https:\/\/incoperfil.com\/mentions-legales\/"},"modified":"2024-09-19T12:15:36","modified_gmt":"2024-09-19T10:15:36","slug":"mentions-legales","status":"publish","type":"page","link":"https:\/\/incoperfil.com\/fr\/mentions-legales\/","title":{"rendered":"Mentions l\u00e9gales"},"content":{"rendered":"\t\t<div data-elementor-type=\"wp-page\" data-elementor-id=\"12459\" class=\"elementor elementor-12459 elementor-412\" data-elementor-post-type=\"page\">\n\t\t\t\t<div class=\"elementor-element elementor-element-76c8747 e-con-full e-flex e-con e-parent\" data-id=\"76c8747\" data-element_type=\"container\" data-e-type=\"container\">\n\t\t\t\t<div class=\"elementor-element elementor-element-fc64696 elementor-widget elementor-widget-global elementor-global-9557 elementor-widget-dce-breadcrumbs\" data-id=\"fc64696\" data-element_type=\"widget\" data-e-type=\"widget\" data-widget_type=\"dce-breadcrumbs.default\">\n\t\t\t\t<div class=\"elementor-widget-container\">\n\t\t\t\t\t<div><span><span><a href=\"https:\/\/incoperfil.com\/fr\/home\/\">Home<\/a><\/span><\/span><\/div>\t\t\t\t<\/div>\n\t\t\t\t<\/div>\n\t\t\t\t<div class=\"elementor-element elementor-element-0bf032b elementor-widget elementor-widget-heading\" data-id=\"0bf032b\" data-element_type=\"widget\" data-e-type=\"widget\" data-widget_type=\"heading.default\">\n\t\t\t\t\t<h1 class=\"elementor-heading-title elementor-size-default\">Mentions l\u00e9gales<\/h1>\t\t\t\t<\/div>\n\t\t\t\t<\/div>\n\t\t<div class=\"elementor-element elementor-element-fdc6dab e-con-full e-flex e-con e-parent\" data-id=\"fdc6dab\" data-element_type=\"container\" data-e-type=\"container\">\n\t\t\t\t<div class=\"elementor-element elementor-element-3dca956 elementor-widget elementor-widget-text-editor\" data-id=\"3dca956\" data-element_type=\"widget\" data-e-type=\"widget\" data-widget_type=\"text-editor.default\">\n\t\t\t\t\t\t\t\t\t<p>Nous appr\u00e9cions que vous ayez d\u00e9cid\u00e9 de nous rendre visite. Nous souhaitons que votre exp\u00e9rience sur notre site Web soit la meilleure possible. <\/p>\n<p>L&rsquo;acc\u00e8s et la navigation sur le site Web, ou l&rsquo;utilisation de ses services, impliquent l&rsquo;acceptation expresse et compl\u00e8te de chacune des pr\u00e9sentes Conditions G\u00e9n\u00e9rales, y compris aussi bien les Conditions Sp\u00e9cifiques \u00e9tablies pour certaines promotions, que les Politiques de Confidentialit\u00e9 et de Cookies, li\u00e9es \u00e0 r\u00e9glementation en vigueur sur la protection des donn\u00e9es personnelles. Nous vous recommandons de les lire attentivement pour savoir quel type de donn\u00e9es sont collect\u00e9es via notre Site Internet, \u00e0 quelles fins et quels droits y aff\u00e9rents vous concernent. <\/p>\n<h4>1. Informations l\u00e9gales<\/h4>\n<p>Conform\u00e9ment \u00e0 la loi 34\/2002 du 11 juillet relative aux services de la soci\u00e9t\u00e9 de l&rsquo;information et au commerce \u00e9lectronique, les donn\u00e9es d&rsquo;identification du propri\u00e9taire du portail Web sont :<\/p>\n<table width=\"652\">\n<tbody>\n<tr>\n<td width=\"188\">\n<p><strong>Identit\u00e9<\/strong><\/p>\n<\/td>\n<td width=\"464\">\n<p><strong>Ingenieria y Construcci\u00f3n del Perfil, S.A.<\/strong><\/p>\n<\/td>\n<\/tr>\n<tr>\n<td width=\"188\">\n<p><strong>CIF:<\/strong><\/p>\n<\/td>\n<td width=\"464\">\n<p>A46265526<\/p>\n<\/td>\n<\/tr>\n<tr>\n<td width=\"188\">\n<p><strong>Adresse postale<\/strong><\/p>\n<\/td>\n<td width=\"464\">\n<p>Pol.Ind.mas de Polio &#8211; C\/. Nou, 16, , &#8211; 46469 \u2013 Beniparrell (VALENCIA)<\/p>\n<\/td>\n<\/tr>\n<tr>\n<td width=\"188\">\n<p><strong>T\u00e9l\u00e9phone<\/strong><\/p>\n<\/td>\n<td width=\"464\">\n<p>961211778<\/p>\n<\/td>\n<\/tr>\n<tr>\n<td width=\"188\">\n<p><strong>email<\/strong><\/p>\n<\/td>\n<td width=\"464\">\n<p>&#105;&#x6e;&#x66;o&#64;&#x69;&#x6e;c&#111;&#x70;e&#114;&#x66;&#x69;l&#46;&#x63;o&#109;<\/p>\n<\/td>\n<\/tr>\n<tr>\n<td width=\"188\">\n<p><strong>Coordonnateur DPD :<\/strong><\/p>\n<\/td>\n<td width=\"464\">\n<p>Mariola Retamero<\/p>\n<\/td>\n<\/tr>\n<tr>\n<td width=\"188\">\n<p><strong>URL:<\/strong><\/p>\n<\/td>\n<td width=\"464\">\n<p>www.incoperfil.com<\/p>\n<\/td>\n<\/tr>\n<\/tbody>\n<\/table>\n<p>L&rsquo;acc\u00e8s au Site implique l&rsquo;acceptation expresse par l&rsquo;Utilisateur des pr\u00e9sentes Conditions G\u00e9n\u00e9rales d&rsquo;Utilisation, qui pourront \u00eatre modifi\u00e9es en tout ou partie ou remplac\u00e9es par d&rsquo;autres, par son propri\u00e9taire et \u00e0 tout moment sans pr\u00e9avis. Nous vous recommandons d&rsquo;acc\u00e9der de temps \u00e0 autre \u00e0 ces conditions pour v\u00e9rifier les \u00e9ventuelles modifications, qui seront publi\u00e9es dans la m\u00eame rubrique. <\/p>\n<h4>2. Conditions g\u00e9n\u00e9rales d&rsquo;utilisation<\/h4>\n<p>Les Conditions G\u00e9n\u00e9rales suivantes r\u00e9gissent l&rsquo;utilisation et l&rsquo;acc\u00e8s au portail Web, dont le but est d&rsquo;\u00e9tablir des lignes directrices pour une bonne utilisation et un bon comportement de celui-ci. Ingenieria y Construcci\u00f3n del Perfil, S.A. met \u00e0 la disposition des utilisateurs des informations sur l&rsquo;utilisation, les services et les contenus h\u00e9berg\u00e9s sur le Web. Gr\u00e2ce \u00e0 cela, l&rsquo;Utilisateur peut avoir acc\u00e8s \u00e0 des informations sur des produits et services sp\u00e9cifiques, des outils et des applications. <\/p>\n<p>Les donn\u00e9es et informations sur les produits ou services, les prix et les caract\u00e9ristiques ou autres donn\u00e9es pertinentes propos\u00e9es via le site Web sont cr\u00e9\u00e9es, fournies et mises \u00e0 jour par les fournisseurs et des tiers.s. Ingenieria y Construcci\u00f3n del Perfil, S.A. n&rsquo;est en aucun cas responsable de ces donn\u00e9es et informations et n&rsquo;assume aucune obligation \u00e0 leur \u00e9gard. <\/p>\n<p>L&rsquo;Utilisateur s&rsquo;engage \u00e0 faire un usage appropri\u00e9 des contenus, services, applications et outils accessibles, sous r\u00e9serve de la Loi et des pr\u00e9sentes Conditions G\u00e9n\u00e9rales d&rsquo;Utilisation et, le cas \u00e9ch\u00e9ant, des Conditions Sp\u00e9cifiques qui pourraient \u00eatre \u00e9tablies pour un \u00e9ventuel acc\u00e8s \u00e0 certains services et. applications, en respectant \u00e0 tout moment les autres utilisateurs de celles-ci. <\/p>\n<p>En cas de non-respect total et\/ou partiel par l&rsquo;Utilisateur des pr\u00e9sentes Conditions G\u00e9n\u00e9rales d&rsquo;Utilisation, Ingenieria y Construcci\u00f3n del Perfil, S.A. se r\u00e9serve le droit de refuser l&rsquo;acc\u00e8s au Site Web, sans pr\u00e9avis \u00e0 l&rsquo;Utilisateur. <\/p>\n<h4>3. Obligations g\u00e9n\u00e9rales de l&rsquo;utilisateur<\/h4>\n<p>L&rsquo;Utilisateur, en acceptant les pr\u00e9sentes Conditions G\u00e9n\u00e9rales d&rsquo;Utilisation, s&rsquo;engage express\u00e9ment \u00e0 : <\/p>\n<p>&#8211; Ne r\u00e9aliser aucune action visant \u00e0 endommager, bloquer, endommager, d\u00e9sactiver, surcharger, temporairement ou d\u00e9finitivement, les fonctionnalit\u00e9s, outils, contenus et\/ou infrastructures du site Web, de mani\u00e8re \u00e0 emp\u00eacher son utilisation normale. <\/p>\n<p>&#8211; Garder et maintenir la confidentialit\u00e9 des codes d&rsquo;acc\u00e8s associ\u00e9s \u00e0 votre nom d&rsquo;utilisateur, en \u00e9tant responsable de l&rsquo;utilisation desdits codes d&rsquo;acc\u00e8s personnels et incessibles par des tiers. <\/p>\n<p>&#8211; Ne pas introduire ou cr\u00e9er de contenu diffamatoire ou calomnieux, tant de la part d&rsquo;autres utilisateurs que de soci\u00e9t\u00e9s tierces ext\u00e9rieures \u00e0 Ingenieria y Construcci\u00f3n del Perfil, S.A.. <\/p>\n<p>&#8211; N&rsquo;utilisez aucun des mat\u00e9riels et informations contenus sur ce site Web \u00e0 des fins ill\u00e9gales et\/ou express\u00e9ment interdites dans les pr\u00e9sentes Conditions G\u00e9n\u00e9rales d&rsquo;Utilisation, ainsi que dans les conditions particuli\u00e8res qui, le cas \u00e9ch\u00e9ant, sont \u00e9tablies pour certaines applications et\/ou b\u00e9n\u00e9fices et qui sont contraires aux droits et int\u00e9r\u00eats d&rsquo;Ingenieria y Construcci\u00f3n del Perfil, S.A., de ses utilisateurs et\/ou de tiers. <\/p>\n<p>&#8211; Ne pas proposer ou distribuer de produits et services, ni effectuer de publicit\u00e9s ou de communications commerciales non sollicit\u00e9es \u00e0 d&rsquo;autres utilisateurs et visiteurs d&rsquo;Ingenieria y Construcci\u00f3n del Perfil, S.A..<\/p>\n<p>L&rsquo;Utilisateur sera responsable de tous les dommages de toute nature caus\u00e9s par Ingenieria y Construcci\u00f3n del Perfil, S.A. ou tout tiers pourrait subir des cons\u00e9quences du non-respect de l&rsquo;une des obligations auxquelles il est soumis en vertu des pr\u00e9sentes \u00ab Conditions G\u00e9n\u00e9rales d&rsquo;Utilisation \u00bb ou de la loi en mati\u00e8re d&rsquo;acc\u00e8s et\/ou d&rsquo;utilisation de la page. <\/p>\n<h4>4. Propri\u00e9t\u00e9 intellectuelle et industrielle<\/h4>\n<p>Le site Internet, les pages qu&rsquo;il comprend et les informations ou \u00e9l\u00e9ments qui y sont contenus (y compris les textes, documents, photographies, dessins, repr\u00e9sentations graphiques, dont il est propri\u00e9taire ou dont les tiers qui autorisent le propri\u00e9taire \u00e0 les utiliser sont propri\u00e9taires, notamment autres), ainsi que les logos, marques, noms commerciaux ou autres signes distinctifs, sont prot\u00e9g\u00e9s par des droits de propri\u00e9t\u00e9 intellectuelle et\/ou industrielle, dont Ingenieria y Construcci\u00f3n del Perfil, S.A. est le propri\u00e9taire ou dispose de l&rsquo;autorisation pour son utilisation et sa communication publique de la part des propri\u00e9taires l\u00e9gitimes de celui-ci. <\/p>\n<p>L&rsquo;Utilisateur s&rsquo;engage \u00e0 utiliser le contenu avec diligence et correctement, conform\u00e9ment \u00e0 la loi, aux bonnes m\u0153urs et \u00e0 l&rsquo;ordre public. Ingenieria y Construcci\u00f3n del Perfil, S.A. autorise l&rsquo;Utilisateur \u00e0 visualiser les informations contenues sur ce site, ainsi qu&rsquo;\u00e0 en r\u00e9aliser des reproductions priv\u00e9es (simple activit\u00e9 de t\u00e9l\u00e9chargement et de stockage dans ses syst\u00e8mes informatiques), pour autant que les \u00e9l\u00e9ments soient destin\u00e9s uniquement \u00e0 un usage personnel. En aucun cas, cela ne signifiera une autorisation ou une licence sur les droits de propri\u00e9t\u00e9 d&rsquo;Ingenieria y Construcci\u00f3n del Perfil, S.A. ou les propri\u00e9taires l\u00e9gitimes de ceux-ci. <\/p>\n<p>L&rsquo;Utilisateur n&rsquo;est pas autoris\u00e9 \u00e0 proc\u00e9der \u00e0 la distribution, \u00e0 la modification, au transfert ou \u00e0 la communication publique des informations contenues sur ce Site sous quelque forme et quelle que soit sa finalit\u00e9. <\/p>\n<h4>5. Liens<\/h4>\n<p>Les connexions et liens vers des sites Internet ou des pages Internet de tiers ont \u00e9t\u00e9 \u00e9tablis uniquement dans le but d&rsquo;offrir une utilit\u00e9 \u00e0 l&rsquo;Utilisateur. Ingenieria y Construcci\u00f3n del Perfil, S.A. n\u2019est en aucun cas responsable de ceux-ci ou de leur contenu. <\/p>\n<p>Ingenieria y Construcci\u00f3n del Perfil, S.A.n&rsquo;assume aucune responsabilit\u00e9 d\u00e9riv\u00e9e de l&rsquo;existence de liens entre le contenu de ce site et du contenu situ\u00e9 en dehors de celui-ci ou de toute autre mention de contenu externe \u00e0 ce site. Ces liens ou mentions sont uniquement \u00e0 titre informatif et n&rsquo;impliquent en aucun cas un soutien, une approbation, une commercialisation ou une quelconque relation entre Ingenieria y Construcci\u00f3n del Perfil, S.A. et les personnes ou entit\u00e9s qui sont auteurs et\/ou gestionnaires de ces contenus ou propri\u00e9taires des sites sur lesquels ils se trouvent.<\/p>\n<p>Pour cr\u00e9er des liens vers la page Web, l&rsquo;autorisation \u00e9crite expresse des propri\u00e9taires du portail sera n\u00e9cessaire. <\/p>\n<h4>6. Responsabilit\u00e9<\/h4>\n<p>Ingenieria y Construcci\u00f3n del Perfil, S.A. ne garantit pas l&rsquo;acc\u00e8s continu, ni la visualisation, le t\u00e9l\u00e9chargement ou l&rsquo;utilisation correcte des \u00e9l\u00e9ments et informations contenus dans les pages du portail qui pourraient \u00eatre emp\u00each\u00e9s, g\u00ean\u00e9s ou interrompus par des facteurs ou des circonstances ind\u00e9pendantes de sa volont\u00e9 ou ind\u00e9pendantes de sa volont\u00e9, ni par ceux qui sont produits par l\u2019existence de virus informatiques sur Internet. <\/p>\n<p>Ingenieria y Construcci\u00f3n del Perfil, S.A. n&rsquo;assume aucune responsabilit\u00e9 pour les dommages, pertes, r\u00e9clamations ou d\u00e9penses caus\u00e9s par : <\/p>\n<p>(i) Interf\u00e9rences, interruptions, pannes, omissions, retards, blocages ou d\u00e9connexions, caus\u00e9s par des erreurs dans les lignes et r\u00e9seaux de t\u00e9l\u00e9communications ou par toute autre cause ind\u00e9pendante de la volont\u00e9 d&rsquo;Ingenieria y Construcci\u00f3n del Perfil, S.A.; <\/p>\n<p>(ii) Intrusions ill\u00e9gitimes par l&rsquo;utilisation de programmes malveillants de tout type et par tout moyen de communication, tels que virus informatiques ou autres ; <\/p>\n<p>(iii) Utilisation inappropri\u00e9e ou inappropri\u00e9e du site Web d&rsquo;Ingenieria y Construcci\u00f3n del Perfil, S.A.; <\/p>\n<p>(iv) Erreurs de s\u00e9curit\u00e9 ou de navigation caus\u00e9es par un dysfonctionnement du navigateur ou par l&rsquo;utilisation de versions obsol\u00e8tes. <\/p>\n<p>Ingenieria y Construcci\u00f3n del Perfil, S.A. no es responsable ni en ning\u00fan caso responder\u00e1 frente a los usuarios y a terceros sobre actos de cualquier tercero ajeno a Ingenieria y Construcci\u00f3n del Perfil, S.A. n&rsquo;est pas responsable et ne sera en aucun cas responsable envers les utilisateurs et les tiers des actes de tout tiers autre que Ingenieria y Dise\u00f1o del Perfil, S.A. qui entra\u00eene ou peut entra\u00eener la r\u00e9alisation d&rsquo;actes de concurrence d\u00e9loyale et de publicit\u00e9 illicite ou la violation des droits de propri\u00e9t\u00e9 intellectuelle et industrielle, des secrets d&rsquo;affaires, des engagements contractuels de toute nature, des droits \u00e0 l&rsquo;honneur, \u00e0 la vie priv\u00e9e et \u00e0 la famille et \u00e0 l&rsquo;image, aux droits de propri\u00e9t\u00e9 et toute autre nature appartenant \u00e0 un tiers en raison de la transmission, de la diffusion, du stockage, de la mise \u00e0 disposition, de la r\u00e9ception, de l&rsquo;obtention ou de l&rsquo;acc\u00e8s au contenu. <\/p>\n<h4>7. Protection des donn\u00e9es personnelles<\/h4>\n<p>Vous trouverez l&rsquo;int\u00e9gralit\u00e9 de la politique de traitement des donn\u00e9es personnelles dans la Politique de Confidentialit\u00e9, qui fait partie int\u00e9grante des pr\u00e9sentes Conditions G\u00e9n\u00e9rales mais que, par souci de simplicit\u00e9, nous avons plac\u00e9e dans un document s\u00e9par\u00e9 : <a href=\"https:\/\/incoperfil.com\/politica-de-privacidad\/\"><u>Politique de Confidentialit\u00e9<\/u>.<\/a> <\/p>\n<h4>8. L\u00e9gislation<\/h4>\n<p>Cet avis juridique et ses termes et conditions seront r\u00e9gis et interpr\u00e9t\u00e9s conform\u00e9ment \u00e0 la l\u00e9gislation espagnole. L&rsquo;utilisateur, en acc\u00e9dant simplement au site Web ou en obtenant le statut d&rsquo;utilisateur enregistr\u00e9, donne son consentement irr\u00e9vocable \u00e0 ce que les tribunaux comp\u00e9tents puissent conna\u00eetre par d\u00e9faut de toute action judiciaire d\u00e9riv\u00e9e ou li\u00e9e \u00e0 ces conditions ou \u00e0 votre utilisation de ce site ou du. navigation effectu\u00e9e par celui-ci. <\/p>\n<p>Si une clause ou un article des pr\u00e9sentes Conditions G\u00e9n\u00e9rales, qui n&rsquo;est pas indispensable \u00e0 son existence, est d\u00e9clar\u00e9 nul ou inapplicable, la validit\u00e9 des clauses restantes n&rsquo;en sera pas affect\u00e9e.<\/p>\n\t\t\t\t\t\t\t\t<\/div>\n\t\t\t\t<\/div>\n\t\t\t\t<\/div>\n\t\t","protected":false},"excerpt":{"rendered":"<p>Home Nous appr\u00e9cions que vous ayez d\u00e9cid\u00e9 de nous rendre visite. Nous souhaitons que votre exp\u00e9rience sur notre site Web soit la meilleure possible. L&rsquo;acc\u00e8s et la navigation sur le site Web, ou l&rsquo;utilisation de ses services, impliquent l&rsquo;acceptation expresse et compl\u00e8te de chacune des pr\u00e9sentes Conditions G\u00e9n\u00e9rales, y compris aussi bien les Conditions Sp\u00e9cifiques [&hellip;]<\/p>\n","protected":false},"author":979,"featured_media":0,"parent":0,"menu_order":0,"comment_status":"closed","ping_status":"closed","template":"","meta":{"_acf_changed":false,"footnotes":""},"categories":[],"tags":[],"class_list":["post-12459","page","type-page","status-publish","hentry"],"acf":[],"yoast_head":"<!-- This site is optimized with the Yoast SEO plugin v27.3 - https:\/\/yoast.com\/product\/yoast-seo-wordpress\/ -->\n<title>Mentions l\u00e9gales - INCOPERFIL<\/title>\n<meta name=\"robots\" content=\"index, follow, max-snippet:-1, max-image-preview:large, max-video-preview:-1\" \/>\n<link rel=\"canonical\" href=\"https:\/\/incoperfil.com\/fr\/mentions-legales\/\" \/>\n<meta property=\"og:locale\" content=\"fr_FR\" \/>\n<meta property=\"og:type\" content=\"article\" \/>\n<meta property=\"og:title\" content=\"Mentions l\u00e9gales - INCOPERFIL\" \/>\n<meta property=\"og:description\" content=\"Home Nous appr\u00e9cions que vous ayez d\u00e9cid\u00e9 de nous rendre visite. Nous souhaitons que votre exp\u00e9rience sur notre site Web soit la meilleure possible. L&rsquo;acc\u00e8s et la navigation sur le site Web, ou l&rsquo;utilisation de ses services, impliquent l&rsquo;acceptation expresse et compl\u00e8te de chacune des pr\u00e9sentes Conditions G\u00e9n\u00e9rales, y compris aussi bien les Conditions Sp\u00e9cifiques [&hellip;]\" \/>\n<meta property=\"og:url\" content=\"https:\/\/incoperfil.com\/fr\/mentions-legales\/\" \/>\n<meta property=\"og:site_name\" content=\"INCOPERFIL\" \/>\n<meta property=\"article:modified_time\" content=\"2024-09-19T10:15:36+00:00\" \/>\n<meta name=\"twitter:card\" content=\"summary_large_image\" \/>\n<meta name=\"twitter:label1\" content=\"Dur\u00e9e de lecture estim\u00e9e\" \/>\n\t<meta name=\"twitter:data1\" content=\"8 minutes\" \/>\n<script type=\"application\/ld+json\" class=\"yoast-schema-graph\">{\"@context\":\"https:\\\/\\\/schema.org\",\"@graph\":[{\"@type\":\"WebPage\",\"@id\":\"https:\\\/\\\/incoperfil.com\\\/fr\\\/mentions-legales\\\/\",\"url\":\"https:\\\/\\\/incoperfil.com\\\/fr\\\/mentions-legales\\\/\",\"name\":\"Mentions l\u00e9gales - INCOPERFIL\",\"isPartOf\":{\"@id\":\"https:\\\/\\\/incoperfil.com\\\/fr\\\/#website\"},\"datePublished\":\"2023-09-13T22:24:55+00:00\",\"dateModified\":\"2024-09-19T10:15:36+00:00\",\"breadcrumb\":{\"@id\":\"https:\\\/\\\/incoperfil.com\\\/fr\\\/mentions-legales\\\/#breadcrumb\"},\"inLanguage\":\"fr-FR\",\"potentialAction\":[{\"@type\":\"ReadAction\",\"target\":[\"https:\\\/\\\/incoperfil.com\\\/fr\\\/mentions-legales\\\/\"]}]},{\"@type\":\"BreadcrumbList\",\"@id\":\"https:\\\/\\\/incoperfil.com\\\/fr\\\/mentions-legales\\\/#breadcrumb\",\"itemListElement\":[{\"@type\":\"ListItem\",\"position\":1,\"name\":\"Home\",\"item\":\"https:\\\/\\\/incoperfil.com\\\/fr\\\/home\\\/\"},{\"@type\":\"ListItem\",\"position\":2,\"name\":\"Mentions l\u00e9gales\"}]},{\"@type\":\"WebSite\",\"@id\":\"https:\\\/\\\/incoperfil.com\\\/fr\\\/#website\",\"url\":\"https:\\\/\\\/incoperfil.com\\\/fr\\\/\",\"name\":\"INCOPERFIL\",\"description\":\"Fabricante de perfiles met\u00e1licos para la construcci\u00f3n industrial: cubierta deck, forjado colaborante, cubiertas curvadas, etc.\",\"publisher\":{\"@id\":\"https:\\\/\\\/incoperfil.com\\\/fr\\\/#organization\"},\"potentialAction\":[{\"@type\":\"SearchAction\",\"target\":{\"@type\":\"EntryPoint\",\"urlTemplate\":\"https:\\\/\\\/incoperfil.com\\\/fr\\\/?s={search_term_string}\"},\"query-input\":{\"@type\":\"PropertyValueSpecification\",\"valueRequired\":true,\"valueName\":\"search_term_string\"}}],\"inLanguage\":\"fr-FR\"},{\"@type\":\"Organization\",\"@id\":\"https:\\\/\\\/incoperfil.com\\\/fr\\\/#organization\",\"name\":\"INCOPERFIL\",\"url\":\"https:\\\/\\\/incoperfil.com\\\/fr\\\/\",\"logo\":{\"@type\":\"ImageObject\",\"inLanguage\":\"fr-FR\",\"@id\":\"https:\\\/\\\/incoperfil.com\\\/fr\\\/#\\\/schema\\\/logo\\\/image\\\/\",\"url\":\"https:\\\/\\\/incoperfil.com\\\/wp-content\\\/uploads\\\/2023\\\/03\\\/logo-40-ANIVERSARIO.png\",\"contentUrl\":\"https:\\\/\\\/incoperfil.com\\\/wp-content\\\/uploads\\\/2023\\\/03\\\/logo-40-ANIVERSARIO.png\",\"width\":5120,\"height\":430,\"caption\":\"INCOPERFIL\"},\"image\":{\"@id\":\"https:\\\/\\\/incoperfil.com\\\/fr\\\/#\\\/schema\\\/logo\\\/image\\\/\"}}]}<\/script>\n<!-- \/ Yoast SEO plugin. -->","yoast_head_json":{"title":"Mentions l\u00e9gales - INCOPERFIL","robots":{"index":"index","follow":"follow","max-snippet":"max-snippet:-1","max-image-preview":"max-image-preview:large","max-video-preview":"max-video-preview:-1"},"canonical":"https:\/\/incoperfil.com\/fr\/mentions-legales\/","og_locale":"fr_FR","og_type":"article","og_title":"Mentions l\u00e9gales - INCOPERFIL","og_description":"Home Nous appr\u00e9cions que vous ayez d\u00e9cid\u00e9 de nous rendre visite. Nous souhaitons que votre exp\u00e9rience sur notre site Web soit la meilleure possible. L&rsquo;acc\u00e8s et la navigation sur le site Web, ou l&rsquo;utilisation de ses services, impliquent l&rsquo;acceptation expresse et compl\u00e8te de chacune des pr\u00e9sentes Conditions G\u00e9n\u00e9rales, y compris aussi bien les Conditions Sp\u00e9cifiques [&hellip;]","og_url":"https:\/\/incoperfil.com\/fr\/mentions-legales\/","og_site_name":"INCOPERFIL","article_modified_time":"2024-09-19T10:15:36+00:00","twitter_card":"summary_large_image","twitter_misc":{"Dur\u00e9e de lecture estim\u00e9e":"8 minutes"},"schema":{"@context":"https:\/\/schema.org","@graph":[{"@type":"WebPage","@id":"https:\/\/incoperfil.com\/fr\/mentions-legales\/","url":"https:\/\/incoperfil.com\/fr\/mentions-legales\/","name":"Mentions l\u00e9gales - INCOPERFIL","isPartOf":{"@id":"https:\/\/incoperfil.com\/fr\/#website"},"datePublished":"2023-09-13T22:24:55+00:00","dateModified":"2024-09-19T10:15:36+00:00","breadcrumb":{"@id":"https:\/\/incoperfil.com\/fr\/mentions-legales\/#breadcrumb"},"inLanguage":"fr-FR","potentialAction":[{"@type":"ReadAction","target":["https:\/\/incoperfil.com\/fr\/mentions-legales\/"]}]},{"@type":"BreadcrumbList","@id":"https:\/\/incoperfil.com\/fr\/mentions-legales\/#breadcrumb","itemListElement":[{"@type":"ListItem","position":1,"name":"Home","item":"https:\/\/incoperfil.com\/fr\/home\/"},{"@type":"ListItem","position":2,"name":"Mentions l\u00e9gales"}]},{"@type":"WebSite","@id":"https:\/\/incoperfil.com\/fr\/#website","url":"https:\/\/incoperfil.com\/fr\/","name":"INCOPERFIL","description":"Fabricante de perfiles met\u00e1licos para la construcci\u00f3n industrial: cubierta deck, forjado colaborante, cubiertas curvadas, etc.","publisher":{"@id":"https:\/\/incoperfil.com\/fr\/#organization"},"potentialAction":[{"@type":"SearchAction","target":{"@type":"EntryPoint","urlTemplate":"https:\/\/incoperfil.com\/fr\/?s={search_term_string}"},"query-input":{"@type":"PropertyValueSpecification","valueRequired":true,"valueName":"search_term_string"}}],"inLanguage":"fr-FR"},{"@type":"Organization","@id":"https:\/\/incoperfil.com\/fr\/#organization","name":"INCOPERFIL","url":"https:\/\/incoperfil.com\/fr\/","logo":{"@type":"ImageObject","inLanguage":"fr-FR","@id":"https:\/\/incoperfil.com\/fr\/#\/schema\/logo\/image\/","url":"https:\/\/incoperfil.com\/wp-content\/uploads\/2023\/03\/logo-40-ANIVERSARIO.png","contentUrl":"https:\/\/incoperfil.com\/wp-content\/uploads\/2023\/03\/logo-40-ANIVERSARIO.png","width":5120,"height":430,"caption":"INCOPERFIL"},"image":{"@id":"https:\/\/incoperfil.com\/fr\/#\/schema\/logo\/image\/"}}]}},"_links":{"self":[{"href":"https:\/\/incoperfil.com\/fr\/wp-json\/wp\/v2\/pages\/12459","targetHints":{"allow":["GET"]}}],"collection":[{"href":"https:\/\/incoperfil.com\/fr\/wp-json\/wp\/v2\/pages"}],"about":[{"href":"https:\/\/incoperfil.com\/fr\/wp-json\/wp\/v2\/types\/page"}],"author":[{"embeddable":true,"href":"https:\/\/incoperfil.com\/fr\/wp-json\/wp\/v2\/users\/979"}],"replies":[{"embeddable":true,"href":"https:\/\/incoperfil.com\/fr\/wp-json\/wp\/v2\/comments?post=12459"}],"version-history":[{"count":4,"href":"https:\/\/incoperfil.com\/fr\/wp-json\/wp\/v2\/pages\/12459\/revisions"}],"predecessor-version":[{"id":16008,"href":"https:\/\/incoperfil.com\/fr\/wp-json\/wp\/v2\/pages\/12459\/revisions\/16008"}],"wp:attachment":[{"href":"https:\/\/incoperfil.com\/fr\/wp-json\/wp\/v2\/media?parent=12459"}],"wp:term":[{"taxonomy":"category","embeddable":true,"href":"https:\/\/incoperfil.com\/fr\/wp-json\/wp\/v2\/categories?post=12459"},{"taxonomy":"post_tag","embeddable":true,"href":"https:\/\/incoperfil.com\/fr\/wp-json\/wp\/v2\/tags?post=12459"}],"curies":[{"name":"wp","href":"https:\/\/api.w.org\/{rel}","templated":true}]}}