{"id":17874,"date":"2024-11-11T09:30:26","date_gmt":"2024-11-11T08:30:26","guid":{"rendered":"https:\/\/incoperfil.com\/rapport-de-calcul\/calcul-couverture-cintree\/"},"modified":"2026-03-05T16:17:02","modified_gmt":"2026-03-05T15:17:02","slug":"calcul-couverture-cintree","status":"publish","type":"page","link":"https:\/\/incoperfil.com\/fr\/rapport-de-calcul\/calcul-couverture-cintree\/","title":{"rendered":"Calcul couverture cintr\u00e9e"},"content":{"rendered":"<h4>Demandez une justification de calcul pour le profil de couverture courbe autoportante.<br \/><\/h4>\n<h6 data-start=\"582\" data-end=\"835\">Ce formulaire permet d\u2019obtenir un rapport technique incluant les v\u00e9rifications correspondantes aux \u00c9tats Limites Ultimes (ELU) et aux \u00c9tats Limites de Service (ELS).<\/h6>\n<h6 data-start=\"837\" data-end=\"1321\">Les principales actions agissant sur la couverture sont prises en compte : charges permanentes, charges d\u2019exploitation, vent et neige.Le formulaire permet \u00e9galement de d\u00e9finir plusieurs param\u00e8tres, tels que les caract\u00e9ristiques de la couverture :largeur maximale de la vo\u00fbte (corde), profondeur totale de la vo\u00fbte, type de structure (m\u00e9tallique ou en b\u00e9ton), hauteur des appuis, distance entre appuis, ouvertures dans les fa\u00e7ades, obstructions dans le cas de marquises, ainsi que le type d\u2019environnement int\u00e9rieur (bureaux, ateliers, b\u00e2timents industriels\u2026) ou ext\u00e9rieur (zones rurales, urbaines, industrielles ou c\u00f4ti\u00e8res). <\/h6>\n<h6 data-start=\"1323\" data-end=\"1594\">Cette solution de couverture courbe est applicable \u00e0 tout type de construction avec t\u00f4le courbe : des marquises l\u00e9g\u00e8res aux couvertures multicouches ou panneaux sandwich, avec des port\u00e9es allant jusqu\u2019\u00e0 22 m\u00e8tres sans structure interm\u00e9diaire.<\/h6>\n<h4>Vous pouvez \u00e9galement demander d\u2019autres rapports de calcul disponibles chez Incoperfil :<br \/><\/h4>\n<ul>\n<li>\n<h6><strong><a href=\"https:\/\/incoperfil.com\/fr\/rapport-de-calcul\/calcul-de-plancher-collaborant\/\">Calcul du plancher collaborant<br \/><\/a><\/strong><\/h6>\n<\/li>\n<li>\n<h6><strong><a href=\"https:\/\/incoperfil.com\/fr\/rapport-de-calcul\/calcul-de-la-couverture-industrielle\/\">Calcul de couverture industrielle<\/a><\/strong><\/h6>\n<\/li>\n<li>\n<h6><strong><a href=\"https:\/\/incoperfil.com\/fr\/rapport-de-calcul\/calcul-bardage-industriel\/\">Calcul de fa\u00e7ade industrielle<br \/><\/a><\/strong><\/h6>\n<\/li>\n<li>\n<h6><strong><a href=\"https:\/\/incoperfil.com\/fr\/rapport-de-calcul\/calcul-de-support-etancheite\/\">Calcul de couverture deck<\/a><\/strong><\/h6>\n<\/li>\n<\/ul>\n","protected":false},"excerpt":{"rendered":"<p>En remplissant le formulaire suivant, notre service technique vous enverra un rapport de calcul personnalis\u00e9 avec les donn\u00e9es sp\u00e9cifiques de votre toiture courbe, indiquant le profil, l&rsquo;\u00e9paisseur, les dimensions des croisillons, les fixations, entre autres.<\/p>\n","protected":false},"author":979,"featured_media":6657,"parent":10491,"menu_order":5,"comment_status":"closed","ping_status":"closed","template":"","meta":{"_acf_changed":false,"footnotes":""},"categories":[],"tags":[],"class_list":["post-17874","page","type-page","status-publish","has-post-thumbnail","hentry"],"acf":[],"yoast_head":"<!-- This site is optimized with the Yoast SEO plugin v27.3 - https:\/\/yoast.com\/product\/yoast-seo-wordpress\/ -->\n<title>Calcul couverture cintr\u00e9e - INCOPERFIL<\/title>\n<meta name=\"description\" content=\"Optimisez la conception de votre couverture courbe gr\u00e2ce \u00e0 un rapport de calcul \u27a4 Garantissez la s\u00e9curit\u00e9 et l\u2019efficacit\u00e9 de votre projet avec l\u2019appui de nos experts.\" \/>\n<meta name=\"robots\" content=\"index, follow, max-snippet:-1, max-image-preview:large, max-video-preview:-1\" \/>\n<link rel=\"canonical\" href=\"https:\/\/incoperfil.com\/fr\/rapport-de-calcul\/calcul-couverture-cintree\/\" \/>\n<meta property=\"og:locale\" content=\"fr_FR\" \/>\n<meta property=\"og:type\" content=\"article\" \/>\n<meta property=\"og:title\" content=\"Calcul couverture cintr\u00e9e - INCOPERFIL\" \/>\n<meta property=\"og:description\" content=\"Optimisez la conception de votre couverture courbe gr\u00e2ce \u00e0 un rapport de calcul \u27a4 Garantissez la s\u00e9curit\u00e9 et l\u2019efficacit\u00e9 de votre projet avec l\u2019appui de nos experts.\" \/>\n<meta property=\"og:url\" content=\"https:\/\/incoperfil.com\/fr\/rapport-de-calcul\/calcul-couverture-cintree\/\" \/>\n<meta property=\"og:site_name\" content=\"INCOPERFIL\" \/>\n<meta property=\"article:modified_time\" content=\"2026-03-05T15:17:02+00:00\" \/>\n<meta property=\"og:image\" content=\"https:\/\/incoperfil.com\/wp-content\/uploads\/2023\/11\/JL231003INCOPERFIL-CUBIERTA-4-Medium.jpg\" \/>\n\t<meta property=\"og:image:width\" content=\"1152\" \/>\n\t<meta property=\"og:image:height\" content=\"768\" \/>\n\t<meta property=\"og:image:type\" content=\"image\/jpeg\" \/>\n<meta name=\"twitter:card\" content=\"summary_large_image\" \/>\n<meta name=\"twitter:label1\" content=\"Dur\u00e9e de lecture estim\u00e9e\" \/>\n\t<meta name=\"twitter:data1\" content=\"2 minutes\" \/>\n<script type=\"application\/ld+json\" class=\"yoast-schema-graph\">{\"@context\":\"https:\\\/\\\/schema.org\",\"@graph\":[{\"@type\":\"WebPage\",\"@id\":\"https:\\\/\\\/incoperfil.com\\\/fr\\\/rapport-de-calcul\\\/calcul-couverture-cintree\\\/\",\"url\":\"https:\\\/\\\/incoperfil.com\\\/fr\\\/rapport-de-calcul\\\/calcul-couverture-cintree\\\/\",\"name\":\"Calcul couverture cintr\u00e9e - INCOPERFIL\",\"isPartOf\":{\"@id\":\"https:\\\/\\\/incoperfil.com\\\/fr\\\/#website\"},\"primaryImageOfPage\":{\"@id\":\"https:\\\/\\\/incoperfil.com\\\/fr\\\/rapport-de-calcul\\\/calcul-couverture-cintree\\\/#primaryimage\"},\"image\":{\"@id\":\"https:\\\/\\\/incoperfil.com\\\/fr\\\/rapport-de-calcul\\\/calcul-couverture-cintree\\\/#primaryimage\"},\"thumbnailUrl\":\"https:\\\/\\\/incoperfil.com\\\/wp-content\\\/uploads\\\/2023\\\/11\\\/JL231003INCOPERFIL-CUBIERTA-4-Medium.jpg\",\"datePublished\":\"2024-11-11T08:30:26+00:00\",\"dateModified\":\"2026-03-05T15:17:02+00:00\",\"description\":\"Optimisez la conception de votre couverture courbe gr\u00e2ce \u00e0 un rapport de calcul \u27a4 Garantissez la s\u00e9curit\u00e9 et l\u2019efficacit\u00e9 de votre projet avec l\u2019appui de nos experts.\",\"breadcrumb\":{\"@id\":\"https:\\\/\\\/incoperfil.com\\\/fr\\\/rapport-de-calcul\\\/calcul-couverture-cintree\\\/#breadcrumb\"},\"inLanguage\":\"fr-FR\",\"potentialAction\":[{\"@type\":\"ReadAction\",\"target\":[\"https:\\\/\\\/incoperfil.com\\\/fr\\\/rapport-de-calcul\\\/calcul-couverture-cintree\\\/\"]}]},{\"@type\":\"ImageObject\",\"inLanguage\":\"fr-FR\",\"@id\":\"https:\\\/\\\/incoperfil.com\\\/fr\\\/rapport-de-calcul\\\/calcul-couverture-cintree\\\/#primaryimage\",\"url\":\"https:\\\/\\\/incoperfil.com\\\/wp-content\\\/uploads\\\/2023\\\/11\\\/JL231003INCOPERFIL-CUBIERTA-4-Medium.jpg\",\"contentUrl\":\"https:\\\/\\\/incoperfil.com\\\/wp-content\\\/uploads\\\/2023\\\/11\\\/JL231003INCOPERFIL-CUBIERTA-4-Medium.jpg\",\"width\":1152,\"height\":768,\"caption\":\"arquesina curvada autoportante de 22 metros de luz el centro educativo Marie Curie en Sevilla\"},{\"@type\":\"BreadcrumbList\",\"@id\":\"https:\\\/\\\/incoperfil.com\\\/fr\\\/rapport-de-calcul\\\/calcul-couverture-cintree\\\/#breadcrumb\",\"itemListElement\":[{\"@type\":\"ListItem\",\"position\":1,\"name\":\"Home\",\"item\":\"https:\\\/\\\/incoperfil.com\\\/fr\\\/home\\\/\"},{\"@type\":\"ListItem\",\"position\":2,\"name\":\"Rapport de calcul\",\"item\":\"https:\\\/\\\/incoperfil.com\\\/fr\\\/rapport-de-calcul\\\/\"},{\"@type\":\"ListItem\",\"position\":3,\"name\":\"Calcul couverture cintr\u00e9e\"}]},{\"@type\":\"WebSite\",\"@id\":\"https:\\\/\\\/incoperfil.com\\\/fr\\\/#website\",\"url\":\"https:\\\/\\\/incoperfil.com\\\/fr\\\/\",\"name\":\"INCOPERFIL\",\"description\":\"Fabricante de perfiles met\u00e1licos para la construcci\u00f3n industrial: cubierta deck, forjado colaborante, cubiertas curvadas, etc.\",\"publisher\":{\"@id\":\"https:\\\/\\\/incoperfil.com\\\/fr\\\/#organization\"},\"potentialAction\":[{\"@type\":\"SearchAction\",\"target\":{\"@type\":\"EntryPoint\",\"urlTemplate\":\"https:\\\/\\\/incoperfil.com\\\/fr\\\/?s={search_term_string}\"},\"query-input\":{\"@type\":\"PropertyValueSpecification\",\"valueRequired\":true,\"valueName\":\"search_term_string\"}}],\"inLanguage\":\"fr-FR\"},{\"@type\":\"Organization\",\"@id\":\"https:\\\/\\\/incoperfil.com\\\/fr\\\/#organization\",\"name\":\"INCOPERFIL\",\"url\":\"https:\\\/\\\/incoperfil.com\\\/fr\\\/\",\"logo\":{\"@type\":\"ImageObject\",\"inLanguage\":\"fr-FR\",\"@id\":\"https:\\\/\\\/incoperfil.com\\\/fr\\\/#\\\/schema\\\/logo\\\/image\\\/\",\"url\":\"https:\\\/\\\/incoperfil.com\\\/wp-content\\\/uploads\\\/2023\\\/03\\\/logo-40-ANIVERSARIO.png\",\"contentUrl\":\"https:\\\/\\\/incoperfil.com\\\/wp-content\\\/uploads\\\/2023\\\/03\\\/logo-40-ANIVERSARIO.png\",\"width\":5120,\"height\":430,\"caption\":\"INCOPERFIL\"},\"image\":{\"@id\":\"https:\\\/\\\/incoperfil.com\\\/fr\\\/#\\\/schema\\\/logo\\\/image\\\/\"}}]}<\/script>\n<!-- \/ Yoast SEO plugin. -->","yoast_head_json":{"title":"Calcul couverture cintr\u00e9e - INCOPERFIL","description":"Optimisez la conception de votre couverture courbe gr\u00e2ce \u00e0 un rapport de calcul \u27a4 Garantissez la s\u00e9curit\u00e9 et l\u2019efficacit\u00e9 de votre projet avec l\u2019appui de nos experts.","robots":{"index":"index","follow":"follow","max-snippet":"max-snippet:-1","max-image-preview":"max-image-preview:large","max-video-preview":"max-video-preview:-1"},"canonical":"https:\/\/incoperfil.com\/fr\/rapport-de-calcul\/calcul-couverture-cintree\/","og_locale":"fr_FR","og_type":"article","og_title":"Calcul couverture cintr\u00e9e - INCOPERFIL","og_description":"Optimisez la conception de votre couverture courbe gr\u00e2ce \u00e0 un rapport de calcul \u27a4 Garantissez la s\u00e9curit\u00e9 et l\u2019efficacit\u00e9 de votre projet avec l\u2019appui de nos experts.","og_url":"https:\/\/incoperfil.com\/fr\/rapport-de-calcul\/calcul-couverture-cintree\/","og_site_name":"INCOPERFIL","article_modified_time":"2026-03-05T15:17:02+00:00","og_image":[{"width":1152,"height":768,"url":"https:\/\/incoperfil.com\/wp-content\/uploads\/2023\/11\/JL231003INCOPERFIL-CUBIERTA-4-Medium.jpg","type":"image\/jpeg"}],"twitter_card":"summary_large_image","twitter_misc":{"Dur\u00e9e de lecture estim\u00e9e":"2 minutes"},"schema":{"@context":"https:\/\/schema.org","@graph":[{"@type":"WebPage","@id":"https:\/\/incoperfil.com\/fr\/rapport-de-calcul\/calcul-couverture-cintree\/","url":"https:\/\/incoperfil.com\/fr\/rapport-de-calcul\/calcul-couverture-cintree\/","name":"Calcul couverture cintr\u00e9e - INCOPERFIL","isPartOf":{"@id":"https:\/\/incoperfil.com\/fr\/#website"},"primaryImageOfPage":{"@id":"https:\/\/incoperfil.com\/fr\/rapport-de-calcul\/calcul-couverture-cintree\/#primaryimage"},"image":{"@id":"https:\/\/incoperfil.com\/fr\/rapport-de-calcul\/calcul-couverture-cintree\/#primaryimage"},"thumbnailUrl":"https:\/\/incoperfil.com\/wp-content\/uploads\/2023\/11\/JL231003INCOPERFIL-CUBIERTA-4-Medium.jpg","datePublished":"2024-11-11T08:30:26+00:00","dateModified":"2026-03-05T15:17:02+00:00","description":"Optimisez la conception de votre couverture courbe gr\u00e2ce \u00e0 un rapport de calcul \u27a4 Garantissez la s\u00e9curit\u00e9 et l\u2019efficacit\u00e9 de votre projet avec l\u2019appui de nos experts.","breadcrumb":{"@id":"https:\/\/incoperfil.com\/fr\/rapport-de-calcul\/calcul-couverture-cintree\/#breadcrumb"},"inLanguage":"fr-FR","potentialAction":[{"@type":"ReadAction","target":["https:\/\/incoperfil.com\/fr\/rapport-de-calcul\/calcul-couverture-cintree\/"]}]},{"@type":"ImageObject","inLanguage":"fr-FR","@id":"https:\/\/incoperfil.com\/fr\/rapport-de-calcul\/calcul-couverture-cintree\/#primaryimage","url":"https:\/\/incoperfil.com\/wp-content\/uploads\/2023\/11\/JL231003INCOPERFIL-CUBIERTA-4-Medium.jpg","contentUrl":"https:\/\/incoperfil.com\/wp-content\/uploads\/2023\/11\/JL231003INCOPERFIL-CUBIERTA-4-Medium.jpg","width":1152,"height":768,"caption":"arquesina curvada autoportante de 22 metros de luz el centro educativo Marie Curie en Sevilla"},{"@type":"BreadcrumbList","@id":"https:\/\/incoperfil.com\/fr\/rapport-de-calcul\/calcul-couverture-cintree\/#breadcrumb","itemListElement":[{"@type":"ListItem","position":1,"name":"Home","item":"https:\/\/incoperfil.com\/fr\/home\/"},{"@type":"ListItem","position":2,"name":"Rapport de calcul","item":"https:\/\/incoperfil.com\/fr\/rapport-de-calcul\/"},{"@type":"ListItem","position":3,"name":"Calcul couverture cintr\u00e9e"}]},{"@type":"WebSite","@id":"https:\/\/incoperfil.com\/fr\/#website","url":"https:\/\/incoperfil.com\/fr\/","name":"INCOPERFIL","description":"Fabricante de perfiles met\u00e1licos para la construcci\u00f3n industrial: cubierta deck, forjado colaborante, cubiertas curvadas, etc.","publisher":{"@id":"https:\/\/incoperfil.com\/fr\/#organization"},"potentialAction":[{"@type":"SearchAction","target":{"@type":"EntryPoint","urlTemplate":"https:\/\/incoperfil.com\/fr\/?s={search_term_string}"},"query-input":{"@type":"PropertyValueSpecification","valueRequired":true,"valueName":"search_term_string"}}],"inLanguage":"fr-FR"},{"@type":"Organization","@id":"https:\/\/incoperfil.com\/fr\/#organization","name":"INCOPERFIL","url":"https:\/\/incoperfil.com\/fr\/","logo":{"@type":"ImageObject","inLanguage":"fr-FR","@id":"https:\/\/incoperfil.com\/fr\/#\/schema\/logo\/image\/","url":"https:\/\/incoperfil.com\/wp-content\/uploads\/2023\/03\/logo-40-ANIVERSARIO.png","contentUrl":"https:\/\/incoperfil.com\/wp-content\/uploads\/2023\/03\/logo-40-ANIVERSARIO.png","width":5120,"height":430,"caption":"INCOPERFIL"},"image":{"@id":"https:\/\/incoperfil.com\/fr\/#\/schema\/logo\/image\/"}}]}},"_links":{"self":[{"href":"https:\/\/incoperfil.com\/fr\/wp-json\/wp\/v2\/pages\/17874","targetHints":{"allow":["GET"]}}],"collection":[{"href":"https:\/\/incoperfil.com\/fr\/wp-json\/wp\/v2\/pages"}],"about":[{"href":"https:\/\/incoperfil.com\/fr\/wp-json\/wp\/v2\/types\/page"}],"author":[{"embeddable":true,"href":"https:\/\/incoperfil.com\/fr\/wp-json\/wp\/v2\/users\/979"}],"replies":[{"embeddable":true,"href":"https:\/\/incoperfil.com\/fr\/wp-json\/wp\/v2\/comments?post=17874"}],"version-history":[{"count":2,"href":"https:\/\/incoperfil.com\/fr\/wp-json\/wp\/v2\/pages\/17874\/revisions"}],"predecessor-version":[{"id":23500,"href":"https:\/\/incoperfil.com\/fr\/wp-json\/wp\/v2\/pages\/17874\/revisions\/23500"}],"up":[{"embeddable":true,"href":"https:\/\/incoperfil.com\/fr\/wp-json\/wp\/v2\/pages\/10491"}],"wp:featuredmedia":[{"embeddable":true,"href":"https:\/\/incoperfil.com\/fr\/wp-json\/wp\/v2\/media\/6657"}],"wp:attachment":[{"href":"https:\/\/incoperfil.com\/fr\/wp-json\/wp\/v2\/media?parent=17874"}],"wp:term":[{"taxonomy":"category","embeddable":true,"href":"https:\/\/incoperfil.com\/fr\/wp-json\/wp\/v2\/categories?post=17874"},{"taxonomy":"post_tag","embeddable":true,"href":"https:\/\/incoperfil.com\/fr\/wp-json\/wp\/v2\/tags?post=17874"}],"curies":[{"name":"wp","href":"https:\/\/api.w.org\/{rel}","templated":true}]}}