{"id":18076,"date":"2024-11-11T09:29:17","date_gmt":"2024-11-11T08:29:17","guid":{"rendered":"https:\/\/incoperfil.com\/rapport-de-calcul\/calcul-de-support-etancheite\/"},"modified":"2026-03-05T16:10:33","modified_gmt":"2026-03-05T15:10:33","slug":"calcul-de-support-etancheite","status":"publish","type":"page","link":"https:\/\/incoperfil.com\/fr\/rapport-de-calcul\/calcul-de-support-etancheite\/","title":{"rendered":"Calcul de support \u00e9tanch\u00e9it\u00e9"},"content":{"rendered":"<h4>Demandez une justification de calcul pour le profil de couverture deck.<\/h4>\n<h6 data-start=\"336\" data-end=\"667\">Ce formulaire permet d\u2019obtenir un rapport technique conforme \u00e0 la norme UNE-EN 1993-1-3 (Eurocode 3, Partie 1-3), incluant les v\u00e9rifications correspondant aux \u00c9tats Limites Ultimes (ELU), aux \u00c9tats Limites de Service (ELS) et aux r\u00e9actions aux appuis.<\/h6>\n<h6 data-start=\"669\" data-end=\"1153\">Les principales actions agissant sur la couverture sont prises en compte : charges permanentes, charges d\u2019exploitation, vent et neige.Le formulaire permet \u00e9galement de d\u00e9finir plusieurs param\u00e8tres :<br \/>nombre d\u2019appuis (2, 3, 4 ou plus), dimensions et r\u00e9partition des trav\u00e9es, typologie de la couverture (simple ou avec isolation), pente, caract\u00e9ristiques du profil d\u2019appui, ainsi que le type d\u2019environnement int\u00e9rieur (bureaux, ateliers, b\u00e2timents industriels\u2026) ou ext\u00e9rieur (zones rurales, urbaines, industrielles ou c\u00f4ti\u00e8res).<br \/> <\/h6>\n<h6 data-start=\"1155\" data-end=\"1426\">Cette solution de couverture deck est applicable \u00e0 tout type de construction de toiture plate avec t\u00f4le nervur\u00e9e : des couvertures pour b\u00e2timents industriels, centres logistiques ou centres commerciaux, ainsi qu\u2019aux syst\u00e8mes autoportants entre portiques, avec des port\u00e9es allant jusqu\u2019\u00e0 10 m\u00e8tres sans n\u00e9cessit\u00e9 de pannes.<\/h6>\n<h4>Vous pouvez \u00e9galement demander d\u2019autres rapports de calcul disponibles chez Incoperfil :<br \/><\/h4>\n<ul>\n<li>\n<h6><strong><a href=\"https:\/\/incoperfil.com\/fr\/rapport-de-calcul\/calcul-de-plancher-collaborant\/\">Calcul du plancher collaborant<br \/><\/a><\/strong><\/h6>\n<\/li>\n<li>\n<h6><strong><a href=\"https:\/\/incoperfil.com\/fr\/rapport-de-calcul\/calcul-de-la-couverture-industrielle\/\">Calcul de toiture industrielle<\/a><\/strong><\/h6>\n<\/li>\n<li>\n<h6><strong><a href=\"https:\/\/incoperfil.com\/fr\/rapport-de-calcul\/calcul-couverture-cintree\/\">Calcul couverture cintr\u00e9e<\/a><\/strong><\/h6>\n<\/li>\n<li>\n<h6><strong><a href=\"https:\/\/incoperfil.com\/fr\/rapport-de-calcul\/calcul-bardage-industriel\/\">Calcul bardage industriel<\/a><\/strong><\/h6>\n<\/li>\n<\/ul>\n","protected":false},"excerpt":{"rendered":"<p>En remplissant le formulaire suivant, notre service technique vous enverra un rapport de calcul personnalis\u00e9 avec les donn\u00e9es sp\u00e9cifiques de votre rev\u00eatement de terrasse, indiquant le profil, l&rsquo;\u00e9paisseur et les v\u00e9rifications des Etats Limites Ultimes et de Service.<\/p>\n","protected":false},"author":979,"featured_media":7933,"parent":10491,"menu_order":2,"comment_status":"closed","ping_status":"closed","template":"","meta":{"_acf_changed":false,"footnotes":""},"categories":[],"tags":[],"class_list":["post-18076","page","type-page","status-publish","has-post-thumbnail","hentry"],"acf":[],"yoast_head":"<!-- This site is optimized with the Yoast SEO plugin v27.3 - https:\/\/yoast.com\/product\/yoast-seo-wordpress\/ -->\n<title>Calcul de support \u00e9tanch\u00e9it\u00e9 - INCOPERFIL<\/title>\n<meta name=\"description\" content=\"Optimisez vos projets avec nos rapports de calcul pour couverture deck. \u27a4 Pr\u00e9cision, s\u00e9curit\u00e9 et efficacit\u00e9 dans chaque solution structurelle.\" \/>\n<meta name=\"robots\" content=\"index, follow, max-snippet:-1, max-image-preview:large, max-video-preview:-1\" \/>\n<link rel=\"canonical\" href=\"https:\/\/incoperfil.com\/fr\/rapport-de-calcul\/calcul-de-support-etancheite\/\" \/>\n<meta property=\"og:locale\" content=\"fr_FR\" \/>\n<meta property=\"og:type\" content=\"article\" \/>\n<meta property=\"og:title\" content=\"Calcul de support \u00e9tanch\u00e9it\u00e9 - INCOPERFIL\" \/>\n<meta property=\"og:description\" content=\"Optimisez vos projets avec nos rapports de calcul pour couverture deck. \u27a4 Pr\u00e9cision, s\u00e9curit\u00e9 et efficacit\u00e9 dans chaque solution structurelle.\" \/>\n<meta property=\"og:url\" content=\"https:\/\/incoperfil.com\/fr\/rapport-de-calcul\/calcul-de-support-etancheite\/\" \/>\n<meta property=\"og:site_name\" content=\"INCOPERFIL\" \/>\n<meta property=\"article:modified_time\" content=\"2026-03-05T15:10:33+00:00\" \/>\n<meta property=\"og:image\" content=\"https:\/\/incoperfil.com\/wp-content\/uploads\/2023\/11\/banner-tamanos-deck-06-Large.jpg\" \/>\n\t<meta property=\"og:image:width\" content=\"1920\" \/>\n\t<meta property=\"og:image:height\" content=\"1080\" \/>\n\t<meta property=\"og:image:type\" content=\"image\/jpeg\" \/>\n<meta name=\"twitter:card\" content=\"summary_large_image\" \/>\n<meta name=\"twitter:label1\" content=\"Dur\u00e9e de lecture estim\u00e9e\" \/>\n\t<meta name=\"twitter:data1\" content=\"1 minute\" \/>\n<script type=\"application\/ld+json\" class=\"yoast-schema-graph\">{\"@context\":\"https:\\\/\\\/schema.org\",\"@graph\":[{\"@type\":\"WebPage\",\"@id\":\"https:\\\/\\\/incoperfil.com\\\/fr\\\/rapport-de-calcul\\\/calcul-de-support-etancheite\\\/\",\"url\":\"https:\\\/\\\/incoperfil.com\\\/fr\\\/rapport-de-calcul\\\/calcul-de-support-etancheite\\\/\",\"name\":\"Calcul de support \u00e9tanch\u00e9it\u00e9 - INCOPERFIL\",\"isPartOf\":{\"@id\":\"https:\\\/\\\/incoperfil.com\\\/fr\\\/#website\"},\"primaryImageOfPage\":{\"@id\":\"https:\\\/\\\/incoperfil.com\\\/fr\\\/rapport-de-calcul\\\/calcul-de-support-etancheite\\\/#primaryimage\"},\"image\":{\"@id\":\"https:\\\/\\\/incoperfil.com\\\/fr\\\/rapport-de-calcul\\\/calcul-de-support-etancheite\\\/#primaryimage\"},\"thumbnailUrl\":\"https:\\\/\\\/incoperfil.com\\\/wp-content\\\/uploads\\\/2023\\\/11\\\/banner-tamanos-deck-06-Large.jpg\",\"datePublished\":\"2024-11-11T08:29:17+00:00\",\"dateModified\":\"2026-03-05T15:10:33+00:00\",\"description\":\"Optimisez vos projets avec nos rapports de calcul pour couverture deck. \u27a4 Pr\u00e9cision, s\u00e9curit\u00e9 et efficacit\u00e9 dans chaque solution structurelle.\",\"breadcrumb\":{\"@id\":\"https:\\\/\\\/incoperfil.com\\\/fr\\\/rapport-de-calcul\\\/calcul-de-support-etancheite\\\/#breadcrumb\"},\"inLanguage\":\"fr-FR\",\"potentialAction\":[{\"@type\":\"ReadAction\",\"target\":[\"https:\\\/\\\/incoperfil.com\\\/fr\\\/rapport-de-calcul\\\/calcul-de-support-etancheite\\\/\"]}]},{\"@type\":\"ImageObject\",\"inLanguage\":\"fr-FR\",\"@id\":\"https:\\\/\\\/incoperfil.com\\\/fr\\\/rapport-de-calcul\\\/calcul-de-support-etancheite\\\/#primaryimage\",\"url\":\"https:\\\/\\\/incoperfil.com\\\/wp-content\\\/uploads\\\/2023\\\/11\\\/banner-tamanos-deck-06-Large.jpg\",\"contentUrl\":\"https:\\\/\\\/incoperfil.com\\\/wp-content\\\/uploads\\\/2023\\\/11\\\/banner-tamanos-deck-06-Large.jpg\",\"width\":1920,\"height\":1080,\"caption\":\"Nuevo centro tecnol\u00f3gico de Potencia y Control en Valladolid - Espa\u00f1a\"},{\"@type\":\"BreadcrumbList\",\"@id\":\"https:\\\/\\\/incoperfil.com\\\/fr\\\/rapport-de-calcul\\\/calcul-de-support-etancheite\\\/#breadcrumb\",\"itemListElement\":[{\"@type\":\"ListItem\",\"position\":1,\"name\":\"Home\",\"item\":\"https:\\\/\\\/incoperfil.com\\\/fr\\\/home\\\/\"},{\"@type\":\"ListItem\",\"position\":2,\"name\":\"Rapport de calcul\",\"item\":\"https:\\\/\\\/incoperfil.com\\\/fr\\\/rapport-de-calcul\\\/\"},{\"@type\":\"ListItem\",\"position\":3,\"name\":\"Calcul de support \u00e9tanch\u00e9it\u00e9\"}]},{\"@type\":\"WebSite\",\"@id\":\"https:\\\/\\\/incoperfil.com\\\/fr\\\/#website\",\"url\":\"https:\\\/\\\/incoperfil.com\\\/fr\\\/\",\"name\":\"INCOPERFIL\",\"description\":\"Fabricante de perfiles met\u00e1licos para la construcci\u00f3n industrial: cubierta deck, forjado colaborante, cubiertas curvadas, etc.\",\"publisher\":{\"@id\":\"https:\\\/\\\/incoperfil.com\\\/fr\\\/#organization\"},\"potentialAction\":[{\"@type\":\"SearchAction\",\"target\":{\"@type\":\"EntryPoint\",\"urlTemplate\":\"https:\\\/\\\/incoperfil.com\\\/fr\\\/?s={search_term_string}\"},\"query-input\":{\"@type\":\"PropertyValueSpecification\",\"valueRequired\":true,\"valueName\":\"search_term_string\"}}],\"inLanguage\":\"fr-FR\"},{\"@type\":\"Organization\",\"@id\":\"https:\\\/\\\/incoperfil.com\\\/fr\\\/#organization\",\"name\":\"INCOPERFIL\",\"url\":\"https:\\\/\\\/incoperfil.com\\\/fr\\\/\",\"logo\":{\"@type\":\"ImageObject\",\"inLanguage\":\"fr-FR\",\"@id\":\"https:\\\/\\\/incoperfil.com\\\/fr\\\/#\\\/schema\\\/logo\\\/image\\\/\",\"url\":\"https:\\\/\\\/incoperfil.com\\\/wp-content\\\/uploads\\\/2023\\\/03\\\/logo-40-ANIVERSARIO.png\",\"contentUrl\":\"https:\\\/\\\/incoperfil.com\\\/wp-content\\\/uploads\\\/2023\\\/03\\\/logo-40-ANIVERSARIO.png\",\"width\":5120,\"height\":430,\"caption\":\"INCOPERFIL\"},\"image\":{\"@id\":\"https:\\\/\\\/incoperfil.com\\\/fr\\\/#\\\/schema\\\/logo\\\/image\\\/\"}}]}<\/script>\n<!-- \/ Yoast SEO plugin. -->","yoast_head_json":{"title":"Calcul de support \u00e9tanch\u00e9it\u00e9 - INCOPERFIL","description":"Optimisez vos projets avec nos rapports de calcul pour couverture deck. \u27a4 Pr\u00e9cision, s\u00e9curit\u00e9 et efficacit\u00e9 dans chaque solution structurelle.","robots":{"index":"index","follow":"follow","max-snippet":"max-snippet:-1","max-image-preview":"max-image-preview:large","max-video-preview":"max-video-preview:-1"},"canonical":"https:\/\/incoperfil.com\/fr\/rapport-de-calcul\/calcul-de-support-etancheite\/","og_locale":"fr_FR","og_type":"article","og_title":"Calcul de support \u00e9tanch\u00e9it\u00e9 - INCOPERFIL","og_description":"Optimisez vos projets avec nos rapports de calcul pour couverture deck. \u27a4 Pr\u00e9cision, s\u00e9curit\u00e9 et efficacit\u00e9 dans chaque solution structurelle.","og_url":"https:\/\/incoperfil.com\/fr\/rapport-de-calcul\/calcul-de-support-etancheite\/","og_site_name":"INCOPERFIL","article_modified_time":"2026-03-05T15:10:33+00:00","og_image":[{"width":1920,"height":1080,"url":"https:\/\/incoperfil.com\/wp-content\/uploads\/2023\/11\/banner-tamanos-deck-06-Large.jpg","type":"image\/jpeg"}],"twitter_card":"summary_large_image","twitter_misc":{"Dur\u00e9e de lecture estim\u00e9e":"1 minute"},"schema":{"@context":"https:\/\/schema.org","@graph":[{"@type":"WebPage","@id":"https:\/\/incoperfil.com\/fr\/rapport-de-calcul\/calcul-de-support-etancheite\/","url":"https:\/\/incoperfil.com\/fr\/rapport-de-calcul\/calcul-de-support-etancheite\/","name":"Calcul de support \u00e9tanch\u00e9it\u00e9 - INCOPERFIL","isPartOf":{"@id":"https:\/\/incoperfil.com\/fr\/#website"},"primaryImageOfPage":{"@id":"https:\/\/incoperfil.com\/fr\/rapport-de-calcul\/calcul-de-support-etancheite\/#primaryimage"},"image":{"@id":"https:\/\/incoperfil.com\/fr\/rapport-de-calcul\/calcul-de-support-etancheite\/#primaryimage"},"thumbnailUrl":"https:\/\/incoperfil.com\/wp-content\/uploads\/2023\/11\/banner-tamanos-deck-06-Large.jpg","datePublished":"2024-11-11T08:29:17+00:00","dateModified":"2026-03-05T15:10:33+00:00","description":"Optimisez vos projets avec nos rapports de calcul pour couverture deck. \u27a4 Pr\u00e9cision, s\u00e9curit\u00e9 et efficacit\u00e9 dans chaque solution structurelle.","breadcrumb":{"@id":"https:\/\/incoperfil.com\/fr\/rapport-de-calcul\/calcul-de-support-etancheite\/#breadcrumb"},"inLanguage":"fr-FR","potentialAction":[{"@type":"ReadAction","target":["https:\/\/incoperfil.com\/fr\/rapport-de-calcul\/calcul-de-support-etancheite\/"]}]},{"@type":"ImageObject","inLanguage":"fr-FR","@id":"https:\/\/incoperfil.com\/fr\/rapport-de-calcul\/calcul-de-support-etancheite\/#primaryimage","url":"https:\/\/incoperfil.com\/wp-content\/uploads\/2023\/11\/banner-tamanos-deck-06-Large.jpg","contentUrl":"https:\/\/incoperfil.com\/wp-content\/uploads\/2023\/11\/banner-tamanos-deck-06-Large.jpg","width":1920,"height":1080,"caption":"Nuevo centro tecnol\u00f3gico de Potencia y Control en Valladolid - Espa\u00f1a"},{"@type":"BreadcrumbList","@id":"https:\/\/incoperfil.com\/fr\/rapport-de-calcul\/calcul-de-support-etancheite\/#breadcrumb","itemListElement":[{"@type":"ListItem","position":1,"name":"Home","item":"https:\/\/incoperfil.com\/fr\/home\/"},{"@type":"ListItem","position":2,"name":"Rapport de calcul","item":"https:\/\/incoperfil.com\/fr\/rapport-de-calcul\/"},{"@type":"ListItem","position":3,"name":"Calcul de support \u00e9tanch\u00e9it\u00e9"}]},{"@type":"WebSite","@id":"https:\/\/incoperfil.com\/fr\/#website","url":"https:\/\/incoperfil.com\/fr\/","name":"INCOPERFIL","description":"Fabricante de perfiles met\u00e1licos para la construcci\u00f3n industrial: cubierta deck, forjado colaborante, cubiertas curvadas, etc.","publisher":{"@id":"https:\/\/incoperfil.com\/fr\/#organization"},"potentialAction":[{"@type":"SearchAction","target":{"@type":"EntryPoint","urlTemplate":"https:\/\/incoperfil.com\/fr\/?s={search_term_string}"},"query-input":{"@type":"PropertyValueSpecification","valueRequired":true,"valueName":"search_term_string"}}],"inLanguage":"fr-FR"},{"@type":"Organization","@id":"https:\/\/incoperfil.com\/fr\/#organization","name":"INCOPERFIL","url":"https:\/\/incoperfil.com\/fr\/","logo":{"@type":"ImageObject","inLanguage":"fr-FR","@id":"https:\/\/incoperfil.com\/fr\/#\/schema\/logo\/image\/","url":"https:\/\/incoperfil.com\/wp-content\/uploads\/2023\/03\/logo-40-ANIVERSARIO.png","contentUrl":"https:\/\/incoperfil.com\/wp-content\/uploads\/2023\/03\/logo-40-ANIVERSARIO.png","width":5120,"height":430,"caption":"INCOPERFIL"},"image":{"@id":"https:\/\/incoperfil.com\/fr\/#\/schema\/logo\/image\/"}}]}},"_links":{"self":[{"href":"https:\/\/incoperfil.com\/fr\/wp-json\/wp\/v2\/pages\/18076","targetHints":{"allow":["GET"]}}],"collection":[{"href":"https:\/\/incoperfil.com\/fr\/wp-json\/wp\/v2\/pages"}],"about":[{"href":"https:\/\/incoperfil.com\/fr\/wp-json\/wp\/v2\/types\/page"}],"author":[{"embeddable":true,"href":"https:\/\/incoperfil.com\/fr\/wp-json\/wp\/v2\/users\/979"}],"replies":[{"embeddable":true,"href":"https:\/\/incoperfil.com\/fr\/wp-json\/wp\/v2\/comments?post=18076"}],"version-history":[{"count":2,"href":"https:\/\/incoperfil.com\/fr\/wp-json\/wp\/v2\/pages\/18076\/revisions"}],"predecessor-version":[{"id":23497,"href":"https:\/\/incoperfil.com\/fr\/wp-json\/wp\/v2\/pages\/18076\/revisions\/23497"}],"up":[{"embeddable":true,"href":"https:\/\/incoperfil.com\/fr\/wp-json\/wp\/v2\/pages\/10491"}],"wp:featuredmedia":[{"embeddable":true,"href":"https:\/\/incoperfil.com\/fr\/wp-json\/wp\/v2\/media\/7933"}],"wp:attachment":[{"href":"https:\/\/incoperfil.com\/fr\/wp-json\/wp\/v2\/media?parent=18076"}],"wp:term":[{"taxonomy":"category","embeddable":true,"href":"https:\/\/incoperfil.com\/fr\/wp-json\/wp\/v2\/categories?post=18076"},{"taxonomy":"post_tag","embeddable":true,"href":"https:\/\/incoperfil.com\/fr\/wp-json\/wp\/v2\/tags?post=18076"}],"curies":[{"name":"wp","href":"https:\/\/api.w.org\/{rel}","templated":true}]}}