{"id":18078,"date":"2024-11-11T09:29:39","date_gmt":"2024-11-11T08:29:39","guid":{"rendered":"https:\/\/incoperfil.com\/rapport-de-calcul\/calcul-de-plancher-collaborant\/"},"modified":"2025-03-25T08:54:44","modified_gmt":"2025-03-25T07:54:44","slug":"calcul-de-plancher-collaborant","status":"publish","type":"page","link":"https:\/\/incoperfil.com\/fr\/rapport-de-calcul\/calcul-de-plancher-collaborant\/","title":{"rendered":"Calcul de plancher collaborant"},"content":{"rendered":"<h2>En remplissant ce formulaire, vous obtiendrez un rapport de calcul personnalis\u00e9 pour votre plancher collaborant d&rsquo;une construction industriel.<\/h2>\n<h5>Ce rapport prend en compte des param\u00e8tres de calcul sp\u00e9cifiques, tels que le poids propre et le poids du sol, ainsi que la surcharge d&rsquo;utilisation r\u00e9partie et ponctuelle, en plus de la r\u00e9sistance au feu (REI). Il permet \u00e9galement d&rsquo;introduire des caract\u00e9ristiques particuli\u00e8res de la structure, telles que le nombre trav\u00e9es, la distance entre les trav\u00e9es (sym\u00e9triques ou asym\u00e9triques), les porte-\u00e0-faux, entre autres.<\/h5>\n<h5>Le rapport pr\u00e9sente les r\u00e9sultats tels que le profil, l&rsquo;\u00e9paisseur du profil, la dalle de compression, le treillis soud\u00e9 et l&rsquo;armature au feu si n\u00e9cessaire. De plus, il comprend les contr\u00f4les du bac collaborant: flexion, cisaillement, enfoncement et fl\u00e8che selon la norme Eurocode 3 : UNE-EN 1993-1-3, ainsi que les contr\u00f4les de la dalle: flexion, cisaillement, affleurement et fl\u00e8che selon la Normes Eurocode 4 : UNE-EN 1994-1-1 et UNE-EN 1994-1-2.<\/h5>\n","protected":false},"excerpt":{"rendered":"<p>En remplissant le formulaire suivant, notre service technique vous enverra un rapport de calcul personnalis\u00e9 avec les donn\u00e9es sp\u00e9cifiques de votre plancher collaborant indiquant le profil, l&rsquo;\u00e9paisseur et les v\u00e9rifications en phase mixte et phase coffrage, entre autres.<\/p>\n","protected":false},"author":979,"featured_media":7779,"parent":10491,"menu_order":4,"comment_status":"closed","ping_status":"closed","template":"","meta":{"_acf_changed":false,"footnotes":""},"categories":[],"tags":[],"class_list":["post-18078","page","type-page","status-publish","has-post-thumbnail","hentry"],"acf":[],"yoast_head":"<!-- This site is optimized with the Yoast SEO plugin v27.3 - https:\/\/yoast.com\/product\/yoast-seo-wordpress\/ -->\n<title>Calcul de plancher collaborant - INCOPERFIL<\/title>\n<meta name=\"robots\" content=\"index, follow, max-snippet:-1, max-image-preview:large, max-video-preview:-1\" \/>\n<link rel=\"canonical\" href=\"https:\/\/incoperfil.com\/fr\/rapport-de-calcul\/calcul-de-plancher-collaborant\/\" \/>\n<meta property=\"og:locale\" content=\"fr_FR\" \/>\n<meta property=\"og:type\" content=\"article\" \/>\n<meta property=\"og:title\" content=\"Calcul de plancher collaborant - INCOPERFIL\" \/>\n<meta property=\"og:description\" content=\"En remplissant le formulaire suivant, notre service technique vous enverra un rapport de calcul personnalis\u00e9 avec les donn\u00e9es sp\u00e9cifiques de votre plancher collaborant indiquant le profil, l&#039;\u00e9paisseur et les v\u00e9rifications en phase mixte et phase coffrage, entre autres.\" \/>\n<meta property=\"og:url\" content=\"https:\/\/incoperfil.com\/fr\/rapport-de-calcul\/calcul-de-plancher-collaborant\/\" \/>\n<meta property=\"og:site_name\" content=\"INCOPERFIL\" \/>\n<meta property=\"article:modified_time\" content=\"2025-03-25T07:54:44+00:00\" \/>\n<meta property=\"og:image\" content=\"https:\/\/incoperfil.com\/wp-content\/uploads\/2023\/11\/7YC2325-2021_07_28-07_24_40-UTC-scaled.jpg\" \/>\n\t<meta property=\"og:image:width\" content=\"2560\" \/>\n\t<meta property=\"og:image:height\" content=\"1213\" \/>\n\t<meta property=\"og:image:type\" content=\"image\/jpeg\" \/>\n<meta name=\"twitter:card\" content=\"summary_large_image\" \/>\n<meta name=\"twitter:label1\" content=\"Dur\u00e9e de lecture estim\u00e9e\" \/>\n\t<meta name=\"twitter:data1\" content=\"1 minute\" \/>\n<script type=\"application\/ld+json\" class=\"yoast-schema-graph\">{\"@context\":\"https:\\\/\\\/schema.org\",\"@graph\":[{\"@type\":\"WebPage\",\"@id\":\"https:\\\/\\\/incoperfil.com\\\/fr\\\/rapport-de-calcul\\\/calcul-de-plancher-collaborant\\\/\",\"url\":\"https:\\\/\\\/incoperfil.com\\\/fr\\\/rapport-de-calcul\\\/calcul-de-plancher-collaborant\\\/\",\"name\":\"Calcul de plancher collaborant - INCOPERFIL\",\"isPartOf\":{\"@id\":\"https:\\\/\\\/incoperfil.com\\\/fr\\\/#website\"},\"primaryImageOfPage\":{\"@id\":\"https:\\\/\\\/incoperfil.com\\\/fr\\\/rapport-de-calcul\\\/calcul-de-plancher-collaborant\\\/#primaryimage\"},\"image\":{\"@id\":\"https:\\\/\\\/incoperfil.com\\\/fr\\\/rapport-de-calcul\\\/calcul-de-plancher-collaborant\\\/#primaryimage\"},\"thumbnailUrl\":\"https:\\\/\\\/incoperfil.com\\\/wp-content\\\/uploads\\\/2023\\\/11\\\/7YC2325-2021_07_28-07_24_40-UTC-scaled.jpg\",\"datePublished\":\"2024-11-11T08:29:39+00:00\",\"dateModified\":\"2025-03-25T07:54:44+00:00\",\"breadcrumb\":{\"@id\":\"https:\\\/\\\/incoperfil.com\\\/fr\\\/rapport-de-calcul\\\/calcul-de-plancher-collaborant\\\/#breadcrumb\"},\"inLanguage\":\"fr-FR\",\"potentialAction\":[{\"@type\":\"ReadAction\",\"target\":[\"https:\\\/\\\/incoperfil.com\\\/fr\\\/rapport-de-calcul\\\/calcul-de-plancher-collaborant\\\/\"]}]},{\"@type\":\"ImageObject\",\"inLanguage\":\"fr-FR\",\"@id\":\"https:\\\/\\\/incoperfil.com\\\/fr\\\/rapport-de-calcul\\\/calcul-de-plancher-collaborant\\\/#primaryimage\",\"url\":\"https:\\\/\\\/incoperfil.com\\\/wp-content\\\/uploads\\\/2023\\\/11\\\/7YC2325-2021_07_28-07_24_40-UTC-scaled.jpg\",\"contentUrl\":\"https:\\\/\\\/incoperfil.com\\\/wp-content\\\/uploads\\\/2023\\\/11\\\/7YC2325-2021_07_28-07_24_40-UTC-scaled.jpg\",\"width\":2560,\"height\":1213,\"caption\":\"orjado colaborante INCO 70.4 hipodromo de longchamp recorte para banner incoperfil\"},{\"@type\":\"BreadcrumbList\",\"@id\":\"https:\\\/\\\/incoperfil.com\\\/fr\\\/rapport-de-calcul\\\/calcul-de-plancher-collaborant\\\/#breadcrumb\",\"itemListElement\":[{\"@type\":\"ListItem\",\"position\":1,\"name\":\"Home\",\"item\":\"https:\\\/\\\/incoperfil.com\\\/fr\\\/home\\\/\"},{\"@type\":\"ListItem\",\"position\":2,\"name\":\"Rapport de calcul\",\"item\":\"https:\\\/\\\/incoperfil.com\\\/fr\\\/rapport-de-calcul\\\/\"},{\"@type\":\"ListItem\",\"position\":3,\"name\":\"Calcul de plancher collaborant\"}]},{\"@type\":\"WebSite\",\"@id\":\"https:\\\/\\\/incoperfil.com\\\/fr\\\/#website\",\"url\":\"https:\\\/\\\/incoperfil.com\\\/fr\\\/\",\"name\":\"INCOPERFIL\",\"description\":\"Fabricante de perfiles met\u00e1licos para la construcci\u00f3n industrial: cubierta deck, forjado colaborante, cubiertas curvadas, etc.\",\"publisher\":{\"@id\":\"https:\\\/\\\/incoperfil.com\\\/fr\\\/#organization\"},\"potentialAction\":[{\"@type\":\"SearchAction\",\"target\":{\"@type\":\"EntryPoint\",\"urlTemplate\":\"https:\\\/\\\/incoperfil.com\\\/fr\\\/?s={search_term_string}\"},\"query-input\":{\"@type\":\"PropertyValueSpecification\",\"valueRequired\":true,\"valueName\":\"search_term_string\"}}],\"inLanguage\":\"fr-FR\"},{\"@type\":\"Organization\",\"@id\":\"https:\\\/\\\/incoperfil.com\\\/fr\\\/#organization\",\"name\":\"INCOPERFIL\",\"url\":\"https:\\\/\\\/incoperfil.com\\\/fr\\\/\",\"logo\":{\"@type\":\"ImageObject\",\"inLanguage\":\"fr-FR\",\"@id\":\"https:\\\/\\\/incoperfil.com\\\/fr\\\/#\\\/schema\\\/logo\\\/image\\\/\",\"url\":\"https:\\\/\\\/incoperfil.com\\\/wp-content\\\/uploads\\\/2023\\\/03\\\/logo-40-ANIVERSARIO.png\",\"contentUrl\":\"https:\\\/\\\/incoperfil.com\\\/wp-content\\\/uploads\\\/2023\\\/03\\\/logo-40-ANIVERSARIO.png\",\"width\":5120,\"height\":430,\"caption\":\"INCOPERFIL\"},\"image\":{\"@id\":\"https:\\\/\\\/incoperfil.com\\\/fr\\\/#\\\/schema\\\/logo\\\/image\\\/\"}}]}<\/script>\n<!-- \/ Yoast SEO plugin. -->","yoast_head_json":{"title":"Calcul de plancher collaborant - INCOPERFIL","robots":{"index":"index","follow":"follow","max-snippet":"max-snippet:-1","max-image-preview":"max-image-preview:large","max-video-preview":"max-video-preview:-1"},"canonical":"https:\/\/incoperfil.com\/fr\/rapport-de-calcul\/calcul-de-plancher-collaborant\/","og_locale":"fr_FR","og_type":"article","og_title":"Calcul de plancher collaborant - INCOPERFIL","og_description":"En remplissant le formulaire suivant, notre service technique vous enverra un rapport de calcul personnalis\u00e9 avec les donn\u00e9es sp\u00e9cifiques de votre plancher collaborant indiquant le profil, l'\u00e9paisseur et les v\u00e9rifications en phase mixte et phase coffrage, entre autres.","og_url":"https:\/\/incoperfil.com\/fr\/rapport-de-calcul\/calcul-de-plancher-collaborant\/","og_site_name":"INCOPERFIL","article_modified_time":"2025-03-25T07:54:44+00:00","og_image":[{"width":2560,"height":1213,"url":"https:\/\/incoperfil.com\/wp-content\/uploads\/2023\/11\/7YC2325-2021_07_28-07_24_40-UTC-scaled.jpg","type":"image\/jpeg"}],"twitter_card":"summary_large_image","twitter_misc":{"Dur\u00e9e de lecture estim\u00e9e":"1 minute"},"schema":{"@context":"https:\/\/schema.org","@graph":[{"@type":"WebPage","@id":"https:\/\/incoperfil.com\/fr\/rapport-de-calcul\/calcul-de-plancher-collaborant\/","url":"https:\/\/incoperfil.com\/fr\/rapport-de-calcul\/calcul-de-plancher-collaborant\/","name":"Calcul de plancher collaborant - INCOPERFIL","isPartOf":{"@id":"https:\/\/incoperfil.com\/fr\/#website"},"primaryImageOfPage":{"@id":"https:\/\/incoperfil.com\/fr\/rapport-de-calcul\/calcul-de-plancher-collaborant\/#primaryimage"},"image":{"@id":"https:\/\/incoperfil.com\/fr\/rapport-de-calcul\/calcul-de-plancher-collaborant\/#primaryimage"},"thumbnailUrl":"https:\/\/incoperfil.com\/wp-content\/uploads\/2023\/11\/7YC2325-2021_07_28-07_24_40-UTC-scaled.jpg","datePublished":"2024-11-11T08:29:39+00:00","dateModified":"2025-03-25T07:54:44+00:00","breadcrumb":{"@id":"https:\/\/incoperfil.com\/fr\/rapport-de-calcul\/calcul-de-plancher-collaborant\/#breadcrumb"},"inLanguage":"fr-FR","potentialAction":[{"@type":"ReadAction","target":["https:\/\/incoperfil.com\/fr\/rapport-de-calcul\/calcul-de-plancher-collaborant\/"]}]},{"@type":"ImageObject","inLanguage":"fr-FR","@id":"https:\/\/incoperfil.com\/fr\/rapport-de-calcul\/calcul-de-plancher-collaborant\/#primaryimage","url":"https:\/\/incoperfil.com\/wp-content\/uploads\/2023\/11\/7YC2325-2021_07_28-07_24_40-UTC-scaled.jpg","contentUrl":"https:\/\/incoperfil.com\/wp-content\/uploads\/2023\/11\/7YC2325-2021_07_28-07_24_40-UTC-scaled.jpg","width":2560,"height":1213,"caption":"orjado colaborante INCO 70.4 hipodromo de longchamp recorte para banner incoperfil"},{"@type":"BreadcrumbList","@id":"https:\/\/incoperfil.com\/fr\/rapport-de-calcul\/calcul-de-plancher-collaborant\/#breadcrumb","itemListElement":[{"@type":"ListItem","position":1,"name":"Home","item":"https:\/\/incoperfil.com\/fr\/home\/"},{"@type":"ListItem","position":2,"name":"Rapport de calcul","item":"https:\/\/incoperfil.com\/fr\/rapport-de-calcul\/"},{"@type":"ListItem","position":3,"name":"Calcul de plancher collaborant"}]},{"@type":"WebSite","@id":"https:\/\/incoperfil.com\/fr\/#website","url":"https:\/\/incoperfil.com\/fr\/","name":"INCOPERFIL","description":"Fabricante de perfiles met\u00e1licos para la construcci\u00f3n industrial: cubierta deck, forjado colaborante, cubiertas curvadas, etc.","publisher":{"@id":"https:\/\/incoperfil.com\/fr\/#organization"},"potentialAction":[{"@type":"SearchAction","target":{"@type":"EntryPoint","urlTemplate":"https:\/\/incoperfil.com\/fr\/?s={search_term_string}"},"query-input":{"@type":"PropertyValueSpecification","valueRequired":true,"valueName":"search_term_string"}}],"inLanguage":"fr-FR"},{"@type":"Organization","@id":"https:\/\/incoperfil.com\/fr\/#organization","name":"INCOPERFIL","url":"https:\/\/incoperfil.com\/fr\/","logo":{"@type":"ImageObject","inLanguage":"fr-FR","@id":"https:\/\/incoperfil.com\/fr\/#\/schema\/logo\/image\/","url":"https:\/\/incoperfil.com\/wp-content\/uploads\/2023\/03\/logo-40-ANIVERSARIO.png","contentUrl":"https:\/\/incoperfil.com\/wp-content\/uploads\/2023\/03\/logo-40-ANIVERSARIO.png","width":5120,"height":430,"caption":"INCOPERFIL"},"image":{"@id":"https:\/\/incoperfil.com\/fr\/#\/schema\/logo\/image\/"}}]}},"_links":{"self":[{"href":"https:\/\/incoperfil.com\/fr\/wp-json\/wp\/v2\/pages\/18078","targetHints":{"allow":["GET"]}}],"collection":[{"href":"https:\/\/incoperfil.com\/fr\/wp-json\/wp\/v2\/pages"}],"about":[{"href":"https:\/\/incoperfil.com\/fr\/wp-json\/wp\/v2\/types\/page"}],"author":[{"embeddable":true,"href":"https:\/\/incoperfil.com\/fr\/wp-json\/wp\/v2\/users\/979"}],"replies":[{"embeddable":true,"href":"https:\/\/incoperfil.com\/fr\/wp-json\/wp\/v2\/comments?post=18078"}],"version-history":[{"count":1,"href":"https:\/\/incoperfil.com\/fr\/wp-json\/wp\/v2\/pages\/18078\/revisions"}],"predecessor-version":[{"id":19503,"href":"https:\/\/incoperfil.com\/fr\/wp-json\/wp\/v2\/pages\/18078\/revisions\/19503"}],"up":[{"embeddable":true,"href":"https:\/\/incoperfil.com\/fr\/wp-json\/wp\/v2\/pages\/10491"}],"wp:featuredmedia":[{"embeddable":true,"href":"https:\/\/incoperfil.com\/fr\/wp-json\/wp\/v2\/media\/7779"}],"wp:attachment":[{"href":"https:\/\/incoperfil.com\/fr\/wp-json\/wp\/v2\/media?parent=18078"}],"wp:term":[{"taxonomy":"category","embeddable":true,"href":"https:\/\/incoperfil.com\/fr\/wp-json\/wp\/v2\/categories?post=18078"},{"taxonomy":"post_tag","embeddable":true,"href":"https:\/\/incoperfil.com\/fr\/wp-json\/wp\/v2\/tags?post=18078"}],"curies":[{"name":"wp","href":"https:\/\/api.w.org\/{rel}","templated":true}]}}